{"id":216,"date":"2021-08-23T20:00:22","date_gmt":"2021-08-23T23:00:22","guid":{"rendered":"https:\/\/grupopromambo.com\/nueva\/?page_id=216"},"modified":"2023-01-11T14:48:25","modified_gmt":"2023-01-11T17:48:25","slug":"nicolas-boccabella","status":"publish","type":"page","link":"https:\/\/grupopromambo.com\/nueva\/nicolas-boccabella\/","title":{"rendered":"Nicol\u00e1s Boccabella"},"content":{"rendered":"<p>[vc_row full_width=&#8221;stretch_row&#8221; css=&#8221;.vc_custom_1629758466514{margin-top: 0px !important;margin-bottom: 0px !important;padding-top: 0px !important;padding-bottom: 0px !important;background-color: #000000 !important;background-position: center !important;background-repeat: no-repeat !important;background-size: cover !important;}&#8221;][vc_column][vc_single_image image=&#8221;12&#8243; img_size=&#8221;medium&#8221; alignment=&#8221;center&#8221; onclick=&#8221;custom_link&#8221; link=&#8221;https:\/\/grupopromambo.com\/nueva\/&#8221;]<div class=\"clearboth\"><\/div><div class=\"gem-divider \" style=\"margin-top: 40px;\"><\/div>[vc_column_text el_class=&#8221;subtitle-text&#8221; css=&#8221;.vc_custom_1629759871734{border-top-width: 3px !important;border-bottom-width: 3px !important;border-top-color: #ffffff !important;border-top-style: solid !important;border-bottom-color: #ffffff !important;border-bottom-style: solid !important;}&#8221;]<\/p>\n<h3 style=\"text-align: center;\"><span style=\"color: #ffffff;\">NICOL\u00c1S BOCCABELLA<\/span><\/h3>\n<p>[\/vc_column_text]<div class=\"clearboth\"><\/div><div class=\"gem-divider \" style=\"margin-top: 40px;\"><\/div>[vc_row_inner][vc_column_inner width=&#8221;4\/12&#8243;][vc_single_image image=&#8221;1061&#8243; img_size=&#8221;full&#8221;][\/vc_column_inner][vc_column_inner width=&#8221;8\/12&#8243;][vc_column_text]<span style=\"color: #ffffff;\">Naci\u00f3 en La Plata el 3 de febrero de 1985. En 2006 egres\u00f3 como bar manager del Instituto Superior \u00c1ngel Salvadori AEHG La Plata. En el a\u00f1o 2008 egres\u00f3 como cocinero en la escuela The BUE Trainers.<\/span><\/p>\n<p><span style=\"color: #ffffff;\">Sus comienzos en la gastronom\u00eda fueron en Abruzzese, su negocio famliar. Con los a\u00f1os, estudi\u00f3 cocina y cocteler\u00eda, perfeccion\u00e1ndose constantemente en \u00e9sas y otras \u00e1reas vinculadas a la administraci\u00f3n y log\u00edsticas de restaurantes y bares.<\/span><\/p>\n<p><span style=\"color: #ffffff;\">En septiembre de 2016 abri\u00f3 su primero local: Lupita. Luego le siguieron en octubre de 2017, Negroni La Plata; en enero de 2018, Negroni City Bell; en julio de 2018, Dean &amp; Dennys; en enero de 2019 La Birrer\u00eda La Plata. Tanto en Negroni La Plata como en La Birrer\u00eda fue consejero y asesor en la ubicaci\u00f3n de los locales, en el armado del producto, las capacitaciones del personal y otras \u00e1reas.<\/span><\/p>\n<p><span style=\"color: #ffffff;\">En 2020 desarroll\u00f3 nuevas aperturas: en abril, Hell\u00b4s Pizza La Plata, en octubre Hell\u2019s Pizza City Bell y en diciembre, expandiendo su tarea a otras fronteras, fund\u00f3 el bistr\u00f3 Magoya, en Paraguay, junto a socios argentinos radicados en ese pa\u00eds.<\/span>[\/vc_column_text][\/vc_column_inner][\/vc_row_inner][vc_column_text]<span style=\"color: #ffffff;\">Tambi\u00e9n en 2020, como miembro de la cuarta generaci\u00f3n de Abruzzese, encar\u00f3 un rebranding y restyling de la marca, incluyendo adem\u00e1s un cambio de local, a uno m\u00e1s amplio y moderno. Con la proyecci\u00f3n a seguir siendo uno de los espacios referentes de la gastronom\u00eda de la ciudad de La Plata -lo es desde 1937-, el restaurante agreg\u00f3 a su cl\u00e1sica oferta de cocina, la cocteler\u00eda de autor, dise\u00f1ando diversas y nuevas estrategias para conservar su clientela habitual y adem\u00e1s acercarse a un p\u00fablico m\u00e1s joven.<\/span><\/p>\n<p><span style=\"color: #ffffff;\">El 2022 comenz\u00f3 con nuevos desaf\u00edos para el empresario. Por un lado, Grupo ProMambo adquiri\u00f3 el desarrollo de Antares City Bell, un local grande y muy concurrido, referente de la marca de cerveza artesanal marplatense. Un punto de encuentro de muchos platenses y un local ic\u00f3nico de la marca. Nicol\u00e1s adem\u00e1s firm\u00f3 un acuerdo para el desarrollo de la marca Antares, siendo el citibelense el primer local en que se aplica el convenio.<\/span><\/p>\n<p><span style=\"color: #ffffff;\">Por otro lado, Nicol\u00e1s desarroll\u00f3 el concepto de Abruzzese Grill, en el coraz\u00f3n citibelense. Un sal\u00f3n amplio, en el que disfrutar de carnes maduradas, manteniendo la historia de los platos tradicionales de la marca y su galardonada cocteler\u00eda, con una l\u00f3gica m\u00e1s moderna, apuntando a un consumidor exigente y con planes de expansi\u00f3n hacia CABA y el interior del pa\u00eds a trav\u00e9s a trav\u00e9s del sistema de franquicias.<\/span><\/p>\n<p><span style=\"color: #ffffff;\">Lo acompa\u00f1a el contador Alejandro Mamblona -con m\u00e1s de 30 a\u00f1os de labores profesionales y en \u00e9l \u00e1rea empresarial-, tambi\u00e9n socio fundador del grupo Promambo, encargado del \u00e1rea financiera y econ\u00f3mica del grupo.<\/span>[\/vc_column_text]<div class=\"clearboth\"><\/div><div class=\"gem-divider \" style=\"margin-top: 40px;\"><\/div>[vc_row_inner css=&#8221;.vc_custom_1634760597516{border-top-width: 3px !important;border-top-color: #ffffff !important;border-top-style: solid !important;}&#8221;][vc_column_inner width=&#8221;8\/12&#8243;][vc_column_text]<\/p>\n<p style=\"text-align: center;\">\u00a9 2021 Grupo ProMambo | Sitio desarrollado por <a href=\"http:\/\/www.websoluciones.com.ar\">Web Soluciones<\/a><\/p>\n<p>[\/vc_column_text][\/vc_column_inner][vc_column_inner width=&#8221;4\/12&#8243;]<div class=\"socials socials-list socials-colored socials-default socials-alignment-center\"><a class=\"socials-item\" target=\"_blank\" href=\"https:\/\/www.instagram.com\/grupo.promambo\/\"><i class=\"socials-item-icon instagram\" style=\"font-size: 24px\"><\/i><\/a><a class=\"socials-item\" target=\"_blank\" href=\"https:\/\/www.facebook.com\/profile.php?id=100054359569712\"><i class=\"socials-item-icon facebook\" style=\"font-size: 24px\"><\/i><\/a><\/div>[\/vc_column_inner][\/vc_row_inner]<div class=\"clearboth\"><\/div><div class=\"gem-divider \" style=\"margin-top: 40px;\"><\/div>[\/vc_column][\/vc_row]<\/p>\n","protected":false},"excerpt":{"rendered":"<p>[vc_row full_width=&#8221;stretch_row&#8221; css=&#8221;.vc_custom_1629758466514{margin-top: 0px !important;margin-bottom: 0px !important;padding-top: 0px !important;padding-bottom: 0px !important;background-color: #000000 !important;background-position: center !important;background-repeat: no-repeat !important;background-size: cover !important;}&#8221;][vc_column][vc_single_image image=&#8221;12&#8243;&#8230;<\/p>\n","protected":false},"author":1,"featured_media":0,"parent":0,"menu_order":0,"comment_status":"closed","ping_status":"closed","template":"","meta":{"footnotes":""},"class_list":["post-216","page","type-page","status-publish"],"yoast_head":"<!-- This site is optimized with the Yoast SEO plugin v23.2 - https:\/\/yoast.com\/wordpress\/plugins\/seo\/ -->\n<title>Nicol\u00e1s Boccabella &#8226; Grupo Pro Mambo<\/title>\n<meta name=\"robots\" content=\"index, follow, max-snippet:-1, max-image-preview:large, max-video-preview:-1\" \/>\n<link rel=\"canonical\" href=\"https:\/\/grupopromambo.com\/nueva\/nicolas-boccabella\/\" \/>\n<meta property=\"og:locale\" content=\"es_ES\" \/>\n<meta property=\"og:type\" content=\"article\" \/>\n<meta property=\"og:title\" content=\"Nicol\u00e1s Boccabella &#8226; Grupo Pro Mambo\" \/>\n<meta property=\"og:description\" content=\"[vc_row full_width=&#8221;stretch_row&#8221; css=&#8221;.vc_custom_1629758466514{margin-top: 0px !important;margin-bottom: 0px !important;padding-top: 0px !important;padding-bottom: 0px !important;background-color: #000000 !important;background-position: center !important;background-repeat: no-repeat !important;background-size: cover !important;}&#8221;][vc_column][vc_single_image image=&#8221;12&#8243;...\" \/>\n<meta property=\"og:url\" content=\"https:\/\/grupopromambo.com\/nueva\/nicolas-boccabella\/\" \/>\n<meta property=\"og:site_name\" content=\"Grupo Pro Mambo\" \/>\n<meta property=\"article:publisher\" content=\"https:\/\/www.facebook.com\/profile.php?id=100054359569712\" \/>\n<meta property=\"article:modified_time\" content=\"2023-01-11T17:48:25+00:00\" \/>\n<meta name=\"twitter:card\" content=\"summary_large_image\" \/>\n<meta name=\"twitter:label1\" content=\"Tiempo de lectura\" \/>\n\t<meta name=\"twitter:data1\" content=\"4 minutos\" \/>\n<script type=\"application\/ld+json\" class=\"yoast-schema-graph\">{\"@context\":\"https:\/\/schema.org\",\"@graph\":[{\"@type\":\"WebPage\",\"@id\":\"https:\/\/grupopromambo.com\/nueva\/nicolas-boccabella\/\",\"url\":\"https:\/\/grupopromambo.com\/nueva\/nicolas-boccabella\/\",\"name\":\"Nicol\u00e1s Boccabella &#8226; Grupo Pro Mambo\",\"isPartOf\":{\"@id\":\"https:\/\/grupopromambo.com\/nueva\/#website\"},\"datePublished\":\"2021-08-23T23:00:22+00:00\",\"dateModified\":\"2023-01-11T17:48:25+00:00\",\"breadcrumb\":{\"@id\":\"https:\/\/grupopromambo.com\/nueva\/nicolas-boccabella\/#breadcrumb\"},\"inLanguage\":\"es-AR\",\"potentialAction\":[{\"@type\":\"ReadAction\",\"target\":[\"https:\/\/grupopromambo.com\/nueva\/nicolas-boccabella\/\"]}]},{\"@type\":\"BreadcrumbList\",\"@id\":\"https:\/\/grupopromambo.com\/nueva\/nicolas-boccabella\/#breadcrumb\",\"itemListElement\":[{\"@type\":\"ListItem\",\"position\":1,\"name\":\"Inicio\",\"item\":\"https:\/\/grupopromambo.com\/nueva\/\"},{\"@type\":\"ListItem\",\"position\":2,\"name\":\"Nicol\u00e1s Boccabella\"}]},{\"@type\":\"WebSite\",\"@id\":\"https:\/\/grupopromambo.com\/nueva\/#website\",\"url\":\"https:\/\/grupopromambo.com\/nueva\/\",\"name\":\"Grupo Pro Mambo\",\"description\":\"\",\"publisher\":{\"@id\":\"https:\/\/grupopromambo.com\/nueva\/#organization\"},\"potentialAction\":[{\"@type\":\"SearchAction\",\"target\":{\"@type\":\"EntryPoint\",\"urlTemplate\":\"https:\/\/grupopromambo.com\/nueva\/?s={search_term_string}\"},\"query-input\":\"required name=search_term_string\"}],\"inLanguage\":\"es-AR\"},{\"@type\":\"Organization\",\"@id\":\"https:\/\/grupopromambo.com\/nueva\/#organization\",\"name\":\"Grupo Pro Mambo\",\"url\":\"https:\/\/grupopromambo.com\/nueva\/\",\"logo\":{\"@type\":\"ImageObject\",\"inLanguage\":\"es-AR\",\"@id\":\"https:\/\/grupopromambo.com\/nueva\/#\/schema\/logo\/image\/\",\"url\":\"https:\/\/grupopromambo.com\/nueva\/wp-content\/uploads\/grupopromambo-logo-01.jpg\",\"contentUrl\":\"https:\/\/grupopromambo.com\/nueva\/wp-content\/uploads\/grupopromambo-logo-01.jpg\",\"width\":1920,\"height\":587,\"caption\":\"Grupo Pro Mambo\"},\"image\":{\"@id\":\"https:\/\/grupopromambo.com\/nueva\/#\/schema\/logo\/image\/\"},\"sameAs\":[\"https:\/\/www.facebook.com\/profile.php?id=100054359569712\",\"https:\/\/www.instagram.com\/grupo.promambo\/\"]}]}<\/script>\n<!-- \/ Yoast SEO plugin. -->","yoast_head_json":{"title":"Nicol\u00e1s Boccabella &#8226; Grupo Pro Mambo","robots":{"index":"index","follow":"follow","max-snippet":"max-snippet:-1","max-image-preview":"max-image-preview:large","max-video-preview":"max-video-preview:-1"},"canonical":"https:\/\/grupopromambo.com\/nueva\/nicolas-boccabella\/","og_locale":"es_ES","og_type":"article","og_title":"Nicol\u00e1s Boccabella &#8226; Grupo Pro Mambo","og_description":"[vc_row full_width=&#8221;stretch_row&#8221; css=&#8221;.vc_custom_1629758466514{margin-top: 0px !important;margin-bottom: 0px !important;padding-top: 0px !important;padding-bottom: 0px !important;background-color: #000000 !important;background-position: center !important;background-repeat: no-repeat !important;background-size: cover !important;}&#8221;][vc_column][vc_single_image image=&#8221;12&#8243;...","og_url":"https:\/\/grupopromambo.com\/nueva\/nicolas-boccabella\/","og_site_name":"Grupo Pro Mambo","article_publisher":"https:\/\/www.facebook.com\/profile.php?id=100054359569712","article_modified_time":"2023-01-11T17:48:25+00:00","twitter_card":"summary_large_image","twitter_misc":{"Tiempo de lectura":"4 minutos"},"schema":{"@context":"https:\/\/schema.org","@graph":[{"@type":"WebPage","@id":"https:\/\/grupopromambo.com\/nueva\/nicolas-boccabella\/","url":"https:\/\/grupopromambo.com\/nueva\/nicolas-boccabella\/","name":"Nicol\u00e1s Boccabella &#8226; Grupo Pro Mambo","isPartOf":{"@id":"https:\/\/grupopromambo.com\/nueva\/#website"},"datePublished":"2021-08-23T23:00:22+00:00","dateModified":"2023-01-11T17:48:25+00:00","breadcrumb":{"@id":"https:\/\/grupopromambo.com\/nueva\/nicolas-boccabella\/#breadcrumb"},"inLanguage":"es-AR","potentialAction":[{"@type":"ReadAction","target":["https:\/\/grupopromambo.com\/nueva\/nicolas-boccabella\/"]}]},{"@type":"BreadcrumbList","@id":"https:\/\/grupopromambo.com\/nueva\/nicolas-boccabella\/#breadcrumb","itemListElement":[{"@type":"ListItem","position":1,"name":"Inicio","item":"https:\/\/grupopromambo.com\/nueva\/"},{"@type":"ListItem","position":2,"name":"Nicol\u00e1s Boccabella"}]},{"@type":"WebSite","@id":"https:\/\/grupopromambo.com\/nueva\/#website","url":"https:\/\/grupopromambo.com\/nueva\/","name":"Grupo Pro Mambo","description":"","publisher":{"@id":"https:\/\/grupopromambo.com\/nueva\/#organization"},"potentialAction":[{"@type":"SearchAction","target":{"@type":"EntryPoint","urlTemplate":"https:\/\/grupopromambo.com\/nueva\/?s={search_term_string}"},"query-input":"required name=search_term_string"}],"inLanguage":"es-AR"},{"@type":"Organization","@id":"https:\/\/grupopromambo.com\/nueva\/#organization","name":"Grupo Pro Mambo","url":"https:\/\/grupopromambo.com\/nueva\/","logo":{"@type":"ImageObject","inLanguage":"es-AR","@id":"https:\/\/grupopromambo.com\/nueva\/#\/schema\/logo\/image\/","url":"https:\/\/grupopromambo.com\/nueva\/wp-content\/uploads\/grupopromambo-logo-01.jpg","contentUrl":"https:\/\/grupopromambo.com\/nueva\/wp-content\/uploads\/grupopromambo-logo-01.jpg","width":1920,"height":587,"caption":"Grupo Pro Mambo"},"image":{"@id":"https:\/\/grupopromambo.com\/nueva\/#\/schema\/logo\/image\/"},"sameAs":["https:\/\/www.facebook.com\/profile.php?id=100054359569712","https:\/\/www.instagram.com\/grupo.promambo\/"]}]}},"_links":{"self":[{"href":"https:\/\/grupopromambo.com\/nueva\/wp-json\/wp\/v2\/pages\/216","targetHints":{"allow":["GET"]}}],"collection":[{"href":"https:\/\/grupopromambo.com\/nueva\/wp-json\/wp\/v2\/pages"}],"about":[{"href":"https:\/\/grupopromambo.com\/nueva\/wp-json\/wp\/v2\/types\/page"}],"author":[{"embeddable":true,"href":"https:\/\/grupopromambo.com\/nueva\/wp-json\/wp\/v2\/users\/1"}],"replies":[{"embeddable":true,"href":"https:\/\/grupopromambo.com\/nueva\/wp-json\/wp\/v2\/comments?post=216"}],"version-history":[{"count":17,"href":"https:\/\/grupopromambo.com\/nueva\/wp-json\/wp\/v2\/pages\/216\/revisions"}],"predecessor-version":[{"id":1063,"href":"https:\/\/grupopromambo.com\/nueva\/wp-json\/wp\/v2\/pages\/216\/revisions\/1063"}],"wp:attachment":[{"href":"https:\/\/grupopromambo.com\/nueva\/wp-json\/wp\/v2\/media?parent=216"}],"curies":[{"name":"wp","href":"https:\/\/api.w.org\/{rel}","templated":true}]}}