{"id":318,"date":"2021-08-25T14:44:09","date_gmt":"2021-08-25T17:44:09","guid":{"rendered":"https:\/\/grupopromambo.com\/nueva\/?page_id=318"},"modified":"2021-11-11T17:16:50","modified_gmt":"2021-11-11T20:16:50","slug":"dean-dennys","status":"publish","type":"page","link":"https:\/\/grupopromambo.com\/nueva\/dean-dennys\/","title":{"rendered":"Dean &#038; Denny\u2019s"},"content":{"rendered":"<p>[vc_row full_width=&#8221;stretch_row_content&#8221; css=&#8221;.vc_custom_1629832195922{margin-top: 0px !important;margin-bottom: 0px !important;padding-top: 0px !important;padding-bottom: 0px !important;background-color: #000000 !important;background-position: center !important;background-repeat: no-repeat !important;background-size: cover !important;}&#8221;][vc_column][vc_single_image image=&#8221;12&#8243; img_size=&#8221;medium&#8221; alignment=&#8221;center&#8221; onclick=&#8221;custom_link&#8221; link=&#8221;https:\/\/grupopromambo.com\/nueva\/&#8221;]<div class=\"clearboth\"><\/div><div class=\"gem-divider \" style=\"margin-top: 40px;\"><\/div>[vc_column_text css=&#8221;.vc_custom_1634682398392{border-top-width: 3px !important;border-top-color: #ffffff !important;border-top-style: solid !important;}&#8221;]<\/p>\n<h3 style=\"text-align: center;\"><span style=\"color: #ffffff;\">Dean &amp; Denny\u2019s<\/span><\/h3>\n<p>[\/vc_column_text][vc_column_text css=&#8221;.vc_custom_1634682837493{border-bottom-width: 3px !important;border-bottom-color: #ffffff !important;border-bottom-style: solid !important;}&#8221;]<\/p>\n<h4 style=\"text-align: center;\"><span style=\"color: #ffffff;\">La Plata<\/span><\/h4>\n<p>[\/vc_column_text]<div class=\"clearboth\"><\/div><div class=\"gem-divider \" style=\"margin-top: 40px;\"><\/div>[\/vc_column][\/vc_row][vc_row full_width=&#8221;stretch_row&#8221; css=&#8221;.vc_custom_1629907726935{margin-top: 0px !important;margin-bottom: 0px !important;padding-top: 0px !important;padding-bottom: 0px !important;background-color: #000000 !important;}&#8221;][vc_column][vc_row_inner][vc_column_inner width=&#8221;4\/12&#8243;][vc_column_text]<span style=\"color: #ffffff;\">Caracterizada como la primera cadena de hamburgueser\u00edas \u201ceco-friendly\u201d del pa\u00eds, con tiendas que utilizan materiales reciclados y promueven el consumo eficiente de la energ\u00eda, Dean &amp; Dennys naci\u00f3 en 2012 en Palermo Soho y lleg\u00f3 a nuestra ciudad en 2018, para instalarse en 49 entre 10 y 11 como nueva opci\u00f3n dentro del polo gastron\u00f3mico desarrollado por ProMambo. Respetando el concepto de \u201cfastgood\u201d para elaborar y presentar con ingredientes caseros y artesanales sus burgers, hot-dogs, french fries, milkshakes, limonadas artesanales, cervezas y vinos, se brindan a los clientes los m\u00e1s altos est\u00e1ndares de calidad en un espacio contempor\u00e1neo, musicalizado en la misma sinton\u00eda.<\/span>[\/vc_column_text][\/vc_column_inner][vc_column_inner width=&#8221;8\/12&#8243;][vc_single_image image=&#8221;834&#8243; img_size=&#8221;full&#8221; alignment=&#8221;center&#8221;][\/vc_column_inner][\/vc_row_inner][\/vc_column][\/vc_row][vc_row full_width=&#8221;stretch_row_content_no_spaces&#8221; equal_height=&#8221;yes&#8221; content_placement=&#8221;middle&#8221; css=&#8221;.vc_custom_1636036210411{margin-top: 0px !important;margin-bottom: 0px !important;padding-top: 0px !important;padding-bottom: 0px !important;background-color: #000000 !important;}&#8221;][vc_column width=&#8221;2\/12&#8243;]<div class=\"gem-video gem-wrapbox gem-wrapbox-style-no-style rounded-corners gem-wrapbox-position-below\" style=\"width: 100%;\"><div class=\"gem-wrapbox-inner video-block gem-ratio-style\" style=\"padding-top: 177.78%\"><video width=\"100%\" height=\"100%\" controls=\"controls\" src=\"https:\/\/grupopromambo.com\/nueva\/wp-content\/uploads\/grupo-pro-mambo-dean-and-dennys.mp4\"  poster=\"https:\/\/grupopromambo.com\/nueva\/wp-content\/uploads\/grupopromambo-imagen-dean-11.jpg\" preload=\"none\"><\/video><\/div><\/div>[\/vc_column][vc_column width=&#8221;10\/12&#8243;]<div class=\"preloader\"><div class=\"preloader-spin\"><\/div><\/div>\n<div class=\"gallery-preloader-wrapper\"> <div class=\"row\" style=\"margin-top: -5px\" > <div class=\"without-padding metro-item-style-default gallery-style-metro gem-gallery-grid metro col-lg-12 col-md-12 col-sm-12 columns-4 hover-zooming-blur item-animation-move-up \" data-hover=\"zooming-blur\"> <ul style=\"margin-left: -5px; margin-right: -5px;\" class=\"gallery-set clearfix\" data-max-row-height=\"280\"> <li style=\"padding: 5px\" class=\"gallery-item item-animations-not-inited post-318 page type-page status-publish\"> <div class=\"wrap gem-wrapbox-style-default\"> <div class=\"overlay-wrap\"> <div class=\"image-wrap \"> <picture> <source srcset=\"https:\/\/grupopromambo.com\/nueva\/wp-content\/uploads\/grupopromambo-imagen-dean-05-thegem-gallery-metro-medium.jpg 1x, https:\/\/grupopromambo.com\/nueva\/wp-content\/uploads\/grupopromambo-imagen-dean-05.jpg 2x\" media=\"(min-width: 550px) and (max-width: 1100px)\" sizes=\"100vw\"> <img decoding=\"async\" src=\"https:\/\/grupopromambo.com\/nueva\/wp-content\/uploads\/grupopromambo-imagen-dean-05-thegem-gallery-metro.jpg\" width=\"500\" height=\"500\" class=\"attachment-thegem-gallery-metro\" alt=\"grupopromambo-imagen-dean-05\" \/> <\/picture> <\/div> <div class=\"overlay \"> <div class=\"overlay-circle\"><\/div> <a href=\"https:\/\/grupopromambo.com\/nueva\/wp-content\/uploads\/grupopromambo-imagen-dean-05.jpg\" class=\"gallery-item-link fancy-gallery\" data-fancybox=\"gallery-69e91ec73c518\"> <span class=\"slide-info\"> <\/span> <\/a> <div class=\"overlay-content\"> <div class=\"overlay-content-center\"> <div class=\"overlay-content-inner\"> <a href=\"https:\/\/grupopromambo.com\/nueva\/wp-content\/uploads\/grupopromambo-imagen-dean-05.jpg\" class=\"icon photo \" > <\/a> <div class=\"overlay-line\"><\/div> <\/div> <\/div> <\/div> <\/div> <\/div> <\/div> <\/li> <li style=\"padding: 5px\" class=\"gallery-item item-animations-not-inited post-318 page type-page status-publish\"> <div class=\"wrap gem-wrapbox-style-default\"> <div class=\"overlay-wrap\"> <div class=\"image-wrap \"> <picture> <source srcset=\"https:\/\/grupopromambo.com\/nueva\/wp-content\/uploads\/grupopromambo-imagen-dean-04-thegem-gallery-metro-medium.jpg 1x, https:\/\/grupopromambo.com\/nueva\/wp-content\/uploads\/grupopromambo-imagen-dean-04.jpg 2x\" media=\"(min-width: 550px) and (max-width: 1100px)\" sizes=\"100vw\"> <img decoding=\"async\" src=\"https:\/\/grupopromambo.com\/nueva\/wp-content\/uploads\/grupopromambo-imagen-dean-04-thegem-gallery-metro.jpg\" width=\"500\" height=\"500\" class=\"attachment-thegem-gallery-metro\" alt=\"grupopromambo-imagen-dean-04\" \/> <\/picture> <\/div> <div class=\"overlay \"> <div class=\"overlay-circle\"><\/div> <a href=\"https:\/\/grupopromambo.com\/nueva\/wp-content\/uploads\/grupopromambo-imagen-dean-04.jpg\" class=\"gallery-item-link fancy-gallery\" data-fancybox=\"gallery-69e91ec73c518\"> <span class=\"slide-info\"> <\/span> <\/a> <div class=\"overlay-content\"> <div class=\"overlay-content-center\"> <div class=\"overlay-content-inner\"> <a href=\"https:\/\/grupopromambo.com\/nueva\/wp-content\/uploads\/grupopromambo-imagen-dean-04.jpg\" class=\"icon photo \" > <\/a> <div class=\"overlay-line\"><\/div> <\/div> <\/div> <\/div> <\/div> <\/div> <\/div> <\/li> <li style=\"padding: 5px\" class=\"gallery-item item-animations-not-inited post-318 page type-page status-publish\"> <div class=\"wrap gem-wrapbox-style-default\"> <div class=\"overlay-wrap\"> <div class=\"image-wrap \"> <picture> <source srcset=\"https:\/\/grupopromambo.com\/nueva\/wp-content\/uploads\/grupopromambo-imagen-dean-03-thegem-gallery-metro-medium.jpg 1x, https:\/\/grupopromambo.com\/nueva\/wp-content\/uploads\/grupopromambo-imagen-dean-03.jpg 2x\" media=\"(min-width: 550px) and (max-width: 1100px)\" sizes=\"100vw\"> <img decoding=\"async\" src=\"https:\/\/grupopromambo.com\/nueva\/wp-content\/uploads\/grupopromambo-imagen-dean-03-thegem-gallery-metro.jpg\" width=\"500\" height=\"500\" class=\"attachment-thegem-gallery-metro\" alt=\"grupopromambo-imagen-dean-03\" \/> <\/picture> <\/div> <div class=\"overlay \"> <div class=\"overlay-circle\"><\/div> <a href=\"https:\/\/grupopromambo.com\/nueva\/wp-content\/uploads\/grupopromambo-imagen-dean-03.jpg\" class=\"gallery-item-link fancy-gallery\" data-fancybox=\"gallery-69e91ec73c518\"> <span class=\"slide-info\"> <\/span> <\/a> <div class=\"overlay-content\"> <div class=\"overlay-content-center\"> <div class=\"overlay-content-inner\"> <a href=\"https:\/\/grupopromambo.com\/nueva\/wp-content\/uploads\/grupopromambo-imagen-dean-03.jpg\" class=\"icon photo \" > <\/a> <div class=\"overlay-line\"><\/div> <\/div> <\/div> <\/div> <\/div> <\/div> <\/div> <\/li> <li style=\"padding: 5px\" class=\"gallery-item item-animations-not-inited post-318 page type-page status-publish\"> <div class=\"wrap gem-wrapbox-style-default\"> <div class=\"overlay-wrap\"> <div class=\"image-wrap \"> <picture> <source srcset=\"https:\/\/grupopromambo.com\/nueva\/wp-content\/uploads\/grupopromambo-imagen-dean-02-thegem-gallery-metro-medium.jpg 1x, https:\/\/grupopromambo.com\/nueva\/wp-content\/uploads\/grupopromambo-imagen-dean-02.jpg 2x\" media=\"(min-width: 550px) and (max-width: 1100px)\" sizes=\"100vw\"> <img decoding=\"async\" src=\"https:\/\/grupopromambo.com\/nueva\/wp-content\/uploads\/grupopromambo-imagen-dean-02-thegem-gallery-metro.jpg\" width=\"500\" height=\"500\" class=\"attachment-thegem-gallery-metro\" alt=\"grupopromambo-imagen-dean-02\" \/> <\/picture> <\/div> <div class=\"overlay \"> <div class=\"overlay-circle\"><\/div> <a href=\"https:\/\/grupopromambo.com\/nueva\/wp-content\/uploads\/grupopromambo-imagen-dean-02.jpg\" class=\"gallery-item-link fancy-gallery\" data-fancybox=\"gallery-69e91ec73c518\"> <span class=\"slide-info\"> <\/span> <\/a> <div class=\"overlay-content\"> <div class=\"overlay-content-center\"> <div class=\"overlay-content-inner\"> <a href=\"https:\/\/grupopromambo.com\/nueva\/wp-content\/uploads\/grupopromambo-imagen-dean-02.jpg\" class=\"icon photo \" > <\/a> <div class=\"overlay-line\"><\/div> <\/div> <\/div> <\/div> <\/div> <\/div> <\/div> <\/li> <\/ul> <\/div> <\/div> <\/div>[\/vc_column][\/vc_row][vc_row full_width=&#8221;stretch_row&#8221; equal_height=&#8221;yes&#8221; content_placement=&#8221;middle&#8221; css=&#8221;.vc_custom_1631637560612{margin-top: 0px !important;margin-bottom: 0px !important;background-color: #000000 !important;}&#8221;][vc_column][vc_row_inner equal_height=&#8221;yes&#8221; content_placement=&#8221;middle&#8221; css=&#8221;.vc_custom_1631637847979{border-top-width: 3px !important;border-bottom-width: 3px !important;border-top-color: #ffffff !important;border-top-style: solid !important;border-bottom-color: #ffffff !important;border-bottom-style: solid !important;}&#8221;][vc_column_inner width=&#8221;5\/12&#8243;][vc_single_image image=&#8221;787&#8243; img_size=&#8221;300&#215;300&#8243; alignment=&#8221;center&#8221;][\/vc_column_inner][vc_column_inner width=&#8221;4\/12&#8243;]<div class=\"gem-icon-with-text gem-icon-with-text-icon-size-small disable-mobile-centered gem-icon-with-text-flow\" ><div style=\"margin-bottom:0px;padding-top: 8px;margin-top:0px; \" class=\"gem-icon-with-text-icon\"><div class=\"gem-icon gem-icon-pack-material gem-icon-size-small  gem-icon-shape-square gem-simple-icon\"  style=\"opacity: 1;\"><div class=\"gem-icon-inner\" style=\"\"><span class=\"gem-icon-half-1\" style=\"color: #ffffff;\"><span class=\"back-angle\">&#xf3e3;<\/span><\/span><span class=\"gem-icon-half-2\" style=\"color: #ffffff;\"><span class=\"back-angle\">&#xf3e3;<\/span><\/span><\/div><\/div><\/div><div class=\"gem-icon-with-text-content\" ><div class=\"gem-icon-with-text-text\">[vc_column_text]<\/p>\n<div class=\"styled-subtitle\" style=\"text-align: left;\"><a href=\"https:\/\/goo.gl\/maps\/BvtchRds9QSiSd74A\" target=\"_blank\" rel=\"noopener\"><span style=\"color: #ffffff;\">Calle 49 Nro 774, La Plata, Buenos Aires, Argentina<\/span><\/a><\/div>\n<p>[\/vc_column_text]<\/div><\/div><div class=\"clearboth\"><\/div><\/div><div class=\"gem-icon-with-text gem-icon-with-text-icon-size-small disable-mobile-centered\" ><div style=\"margin-bottom:0px;padding-top: 8px;margin-top:0px; \" class=\"gem-icon-with-text-icon\"><div class=\"gem-icon gem-icon-pack-material gem-icon-size-small  gem-icon-shape-square gem-simple-icon\"  style=\"opacity: 1;\"><div class=\"gem-icon-inner\" style=\"\"><span class=\"gem-icon-half-1\" style=\"color: #ffffff;\"><span class=\"back-angle\">&#xf477;<\/span><\/span><span class=\"gem-icon-half-2\" style=\"color: #ffffff;\"><span class=\"back-angle\">&#xf477;<\/span><\/span><\/div><\/div><\/div><div class=\"gem-icon-with-text-content\" ><div class=\"gem-icon-with-text-text\">[vc_column_text]<\/p>\n<div class=\"styled-subtitle\" style=\"text-align: left;\"><a href=\"tel:(+54221)422-0906\" target=\"_blank\" rel=\"noopener\"><span style=\"color: #ffffff;\">(+54221) 422-0906<\/span><\/a><\/div>\n<p>[\/vc_column_text]<\/div><\/div><div class=\"clearboth\"><\/div><\/div>[\/vc_column_inner][vc_column_inner width=&#8221;3\/12&#8243;]<div class=\"gem-icon-with-text gem-icon-with-text-icon-size-small disable-mobile-centered\" ><div style=\"margin-bottom:0px;padding-top: 8px;margin-top:0px; \" class=\"gem-icon-with-text-icon\"><div class=\"gem-icon gem-icon-pack-elegant gem-icon-size-small  gem-icon-shape-square gem-simple-icon\"  style=\"opacity: 1;\"><div class=\"gem-icon-inner\" style=\"\"><span class=\"gem-icon-half-1\" style=\"color: #ffffff;\"><span class=\"back-angle\">&#xe09a;<\/span><\/span><span class=\"gem-icon-half-2\" style=\"color: #ffffff;\"><span class=\"back-angle\">&#xe09a;<\/span><\/span><\/div><\/div><\/div><div class=\"gem-icon-with-text-content\" ><div class=\"gem-icon-with-text-text\">[vc_column_text]<\/p>\n<div class=\"styled-subtitle\" style=\"text-align: left;\"><a href=\"https:\/\/www.instagram.com\/deandennys.laplata\/\" target=\"_blank\" rel=\"noopener\"><span style=\"color: #ffffff;\">deandennys.laplata<\/span><\/a><\/div>\n<p>[\/vc_column_text]<\/div><\/div><div class=\"clearboth\"><\/div><\/div><div class=\"gem-icon-with-text gem-icon-with-text-icon-size-small disable-mobile-centered\" ><div style=\"margin-bottom:0px;padding-top: 8px;margin-top:0px; \" class=\"gem-icon-with-text-icon\"><div class=\"gem-icon gem-icon-pack-elegant gem-icon-size-small  gem-icon-shape-square gem-simple-icon\"  style=\"opacity: 1;\"><div class=\"gem-icon-inner\" style=\"\"><span class=\"gem-icon-half-1\" style=\"color: #ffffff;\"><span class=\"back-angle\">&#xe093;<\/span><\/span><span class=\"gem-icon-half-2\" style=\"color: #ffffff;\"><span class=\"back-angle\">&#xe093;<\/span><\/span><\/div><\/div><\/div><div class=\"gem-icon-with-text-content\" ><div class=\"gem-icon-with-text-text\">[vc_column_text]<\/p>\n<div class=\"styled-subtitle\" style=\"text-align: left;\"><a href=\"https:\/\/www.facebook.com\/Dean-Dennys-277331239493602\/\" target=\"_blank\" rel=\"noopener\"><span style=\"color: #ffffff;\">deandennys.laplata<\/span><\/a><\/div>\n<p>[\/vc_column_text]<\/div><\/div><div class=\"clearboth\"><\/div><\/div><div class=\"gem-icon-with-text gem-icon-with-text-icon-size-small disable-mobile-centered\" ><div style=\"margin-bottom:0px;padding-top: 8px;margin-top:0px; \" class=\"gem-icon-with-text-icon\"><div class=\"gem-icon gem-icon-pack-elegant gem-icon-size-small  gem-icon-shape-square gem-simple-icon\"  style=\"opacity: 1;\"><div class=\"gem-icon-inner\" style=\"\"><span class=\"gem-icon-half-1\" style=\"color: #ffffff;\"><span class=\"back-angle\">&#xe0e3;<\/span><\/span><span class=\"gem-icon-half-2\" style=\"color: #ffffff;\"><span class=\"back-angle\">&#xe0e3;<\/span><\/span><\/div><\/div><\/div><div class=\"gem-icon-with-text-content\" ><div class=\"gem-icon-with-text-text\">[vc_column_text]<\/p>\n<div class=\"styled-subtitle\" style=\"text-align: left;\"><a href=\"https:\/\/www.deananddennys.com\" target=\"_blank\" rel=\"noopener\"><span style=\"color: #ffffff;\">deananddennys.com<\/span><\/a><\/div>\n<p>[\/vc_column_text]<\/div><\/div><div class=\"clearboth\"><\/div><\/div>[\/vc_column_inner][\/vc_row_inner]<div class=\"clearboth\"><\/div><div class=\"gem-divider \" style=\"margin-top: 40px;\"><\/div>[vc_row_inner][vc_column_inner width=&#8221;8\/12&#8243;][vc_column_text]<\/p>\n<p style=\"text-align: center;\">\u00a9 2021 Grupo ProMambo | Sitio desarrollado por <a href=\"http:\/\/www.websoluciones.com.ar\">Web Soluciones<\/a><\/p>\n<p>[\/vc_column_text][\/vc_column_inner][vc_column_inner width=&#8221;4\/12&#8243;]<div class=\"socials socials-list socials-colored socials-default socials-alignment-center\"><a class=\"socials-item\" target=\"_blank\" href=\"https:\/\/www.instagram.com\/grupo.promambo\/\"><i class=\"socials-item-icon instagram\" style=\"font-size: 24px\"><\/i><\/a><a class=\"socials-item\" target=\"_blank\" href=\"https:\/\/www.facebook.com\/profile.php?id=100054359569712\"><i class=\"socials-item-icon facebook\" style=\"font-size: 24px\"><\/i><\/a><\/div>[\/vc_column_inner][\/vc_row_inner]<div class=\"clearboth\"><\/div><div class=\"gem-divider \" style=\"margin-top: 40px;\"><\/div>[\/vc_column][\/vc_row]<\/p>\n","protected":false},"excerpt":{"rendered":"<p>[vc_row full_width=&#8221;stretch_row_content&#8221; css=&#8221;.vc_custom_1629832195922{margin-top: 0px !important;margin-bottom: 0px !important;padding-top: 0px !important;padding-bottom: 0px !important;background-color: #000000 !important;background-position: center !important;background-repeat: no-repeat !important;background-size: cover !important;}&#8221;][vc_column][vc_single_image image=&#8221;12&#8243;&#8230;<\/p>\n","protected":false},"author":1,"featured_media":0,"parent":0,"menu_order":0,"comment_status":"closed","ping_status":"closed","template":"","meta":{"footnotes":""},"class_list":["post-318","page","type-page","status-publish"],"yoast_head":"<!-- This site is optimized with the Yoast SEO plugin v23.2 - https:\/\/yoast.com\/wordpress\/plugins\/seo\/ -->\n<title>Dean &amp; Denny\u2019s &#8226; Grupo Pro Mambo<\/title>\n<meta name=\"robots\" content=\"index, follow, max-snippet:-1, max-image-preview:large, max-video-preview:-1\" \/>\n<link rel=\"canonical\" href=\"https:\/\/grupopromambo.com\/nueva\/dean-dennys\/\" \/>\n<meta property=\"og:locale\" content=\"es_ES\" \/>\n<meta property=\"og:type\" content=\"article\" \/>\n<meta property=\"og:title\" content=\"Dean &amp; Denny\u2019s &#8226; Grupo Pro Mambo\" \/>\n<meta property=\"og:description\" content=\"[vc_row full_width=&#8221;stretch_row_content&#8221; css=&#8221;.vc_custom_1629832195922{margin-top: 0px !important;margin-bottom: 0px !important;padding-top: 0px !important;padding-bottom: 0px !important;background-color: #000000 !important;background-position: center !important;background-repeat: no-repeat !important;background-size: cover !important;}&#8221;][vc_column][vc_single_image image=&#8221;12&#8243;...\" \/>\n<meta property=\"og:url\" content=\"https:\/\/grupopromambo.com\/nueva\/dean-dennys\/\" \/>\n<meta property=\"og:site_name\" content=\"Grupo Pro Mambo\" \/>\n<meta property=\"article:publisher\" content=\"https:\/\/www.facebook.com\/profile.php?id=100054359569712\" \/>\n<meta property=\"article:modified_time\" content=\"2021-11-11T20:16:50+00:00\" \/>\n<meta name=\"twitter:card\" content=\"summary_large_image\" \/>\n<meta name=\"twitter:label1\" content=\"Tiempo de lectura\" \/>\n\t<meta name=\"twitter:data1\" content=\"2 minutos\" \/>\n<script type=\"application\/ld+json\" class=\"yoast-schema-graph\">{\"@context\":\"https:\/\/schema.org\",\"@graph\":[{\"@type\":\"WebPage\",\"@id\":\"https:\/\/grupopromambo.com\/nueva\/dean-dennys\/\",\"url\":\"https:\/\/grupopromambo.com\/nueva\/dean-dennys\/\",\"name\":\"Dean & Denny\u2019s &#8226; Grupo Pro Mambo\",\"isPartOf\":{\"@id\":\"https:\/\/grupopromambo.com\/nueva\/#website\"},\"datePublished\":\"2021-08-25T17:44:09+00:00\",\"dateModified\":\"2021-11-11T20:16:50+00:00\",\"breadcrumb\":{\"@id\":\"https:\/\/grupopromambo.com\/nueva\/dean-dennys\/#breadcrumb\"},\"inLanguage\":\"es-AR\",\"potentialAction\":[{\"@type\":\"ReadAction\",\"target\":[\"https:\/\/grupopromambo.com\/nueva\/dean-dennys\/\"]}]},{\"@type\":\"BreadcrumbList\",\"@id\":\"https:\/\/grupopromambo.com\/nueva\/dean-dennys\/#breadcrumb\",\"itemListElement\":[{\"@type\":\"ListItem\",\"position\":1,\"name\":\"Inicio\",\"item\":\"https:\/\/grupopromambo.com\/nueva\/\"},{\"@type\":\"ListItem\",\"position\":2,\"name\":\"Dean &#038; Denny\u2019s\"}]},{\"@type\":\"WebSite\",\"@id\":\"https:\/\/grupopromambo.com\/nueva\/#website\",\"url\":\"https:\/\/grupopromambo.com\/nueva\/\",\"name\":\"Grupo Pro Mambo\",\"description\":\"\",\"publisher\":{\"@id\":\"https:\/\/grupopromambo.com\/nueva\/#organization\"},\"potentialAction\":[{\"@type\":\"SearchAction\",\"target\":{\"@type\":\"EntryPoint\",\"urlTemplate\":\"https:\/\/grupopromambo.com\/nueva\/?s={search_term_string}\"},\"query-input\":\"required name=search_term_string\"}],\"inLanguage\":\"es-AR\"},{\"@type\":\"Organization\",\"@id\":\"https:\/\/grupopromambo.com\/nueva\/#organization\",\"name\":\"Grupo Pro Mambo\",\"url\":\"https:\/\/grupopromambo.com\/nueva\/\",\"logo\":{\"@type\":\"ImageObject\",\"inLanguage\":\"es-AR\",\"@id\":\"https:\/\/grupopromambo.com\/nueva\/#\/schema\/logo\/image\/\",\"url\":\"https:\/\/grupopromambo.com\/nueva\/wp-content\/uploads\/grupopromambo-logo-01.jpg\",\"contentUrl\":\"https:\/\/grupopromambo.com\/nueva\/wp-content\/uploads\/grupopromambo-logo-01.jpg\",\"width\":1920,\"height\":587,\"caption\":\"Grupo Pro Mambo\"},\"image\":{\"@id\":\"https:\/\/grupopromambo.com\/nueva\/#\/schema\/logo\/image\/\"},\"sameAs\":[\"https:\/\/www.facebook.com\/profile.php?id=100054359569712\",\"https:\/\/www.instagram.com\/grupo.promambo\/\"]}]}<\/script>\n<!-- \/ Yoast SEO plugin. -->","yoast_head_json":{"title":"Dean & Denny\u2019s &#8226; Grupo Pro Mambo","robots":{"index":"index","follow":"follow","max-snippet":"max-snippet:-1","max-image-preview":"max-image-preview:large","max-video-preview":"max-video-preview:-1"},"canonical":"https:\/\/grupopromambo.com\/nueva\/dean-dennys\/","og_locale":"es_ES","og_type":"article","og_title":"Dean & Denny\u2019s &#8226; Grupo Pro Mambo","og_description":"[vc_row full_width=&#8221;stretch_row_content&#8221; css=&#8221;.vc_custom_1629832195922{margin-top: 0px !important;margin-bottom: 0px !important;padding-top: 0px !important;padding-bottom: 0px !important;background-color: #000000 !important;background-position: center !important;background-repeat: no-repeat !important;background-size: cover !important;}&#8221;][vc_column][vc_single_image image=&#8221;12&#8243;...","og_url":"https:\/\/grupopromambo.com\/nueva\/dean-dennys\/","og_site_name":"Grupo Pro Mambo","article_publisher":"https:\/\/www.facebook.com\/profile.php?id=100054359569712","article_modified_time":"2021-11-11T20:16:50+00:00","twitter_card":"summary_large_image","twitter_misc":{"Tiempo de lectura":"2 minutos"},"schema":{"@context":"https:\/\/schema.org","@graph":[{"@type":"WebPage","@id":"https:\/\/grupopromambo.com\/nueva\/dean-dennys\/","url":"https:\/\/grupopromambo.com\/nueva\/dean-dennys\/","name":"Dean & Denny\u2019s &#8226; Grupo Pro Mambo","isPartOf":{"@id":"https:\/\/grupopromambo.com\/nueva\/#website"},"datePublished":"2021-08-25T17:44:09+00:00","dateModified":"2021-11-11T20:16:50+00:00","breadcrumb":{"@id":"https:\/\/grupopromambo.com\/nueva\/dean-dennys\/#breadcrumb"},"inLanguage":"es-AR","potentialAction":[{"@type":"ReadAction","target":["https:\/\/grupopromambo.com\/nueva\/dean-dennys\/"]}]},{"@type":"BreadcrumbList","@id":"https:\/\/grupopromambo.com\/nueva\/dean-dennys\/#breadcrumb","itemListElement":[{"@type":"ListItem","position":1,"name":"Inicio","item":"https:\/\/grupopromambo.com\/nueva\/"},{"@type":"ListItem","position":2,"name":"Dean &#038; Denny\u2019s"}]},{"@type":"WebSite","@id":"https:\/\/grupopromambo.com\/nueva\/#website","url":"https:\/\/grupopromambo.com\/nueva\/","name":"Grupo Pro Mambo","description":"","publisher":{"@id":"https:\/\/grupopromambo.com\/nueva\/#organization"},"potentialAction":[{"@type":"SearchAction","target":{"@type":"EntryPoint","urlTemplate":"https:\/\/grupopromambo.com\/nueva\/?s={search_term_string}"},"query-input":"required name=search_term_string"}],"inLanguage":"es-AR"},{"@type":"Organization","@id":"https:\/\/grupopromambo.com\/nueva\/#organization","name":"Grupo Pro Mambo","url":"https:\/\/grupopromambo.com\/nueva\/","logo":{"@type":"ImageObject","inLanguage":"es-AR","@id":"https:\/\/grupopromambo.com\/nueva\/#\/schema\/logo\/image\/","url":"https:\/\/grupopromambo.com\/nueva\/wp-content\/uploads\/grupopromambo-logo-01.jpg","contentUrl":"https:\/\/grupopromambo.com\/nueva\/wp-content\/uploads\/grupopromambo-logo-01.jpg","width":1920,"height":587,"caption":"Grupo Pro Mambo"},"image":{"@id":"https:\/\/grupopromambo.com\/nueva\/#\/schema\/logo\/image\/"},"sameAs":["https:\/\/www.facebook.com\/profile.php?id=100054359569712","https:\/\/www.instagram.com\/grupo.promambo\/"]}]}},"_links":{"self":[{"href":"https:\/\/grupopromambo.com\/nueva\/wp-json\/wp\/v2\/pages\/318","targetHints":{"allow":["GET"]}}],"collection":[{"href":"https:\/\/grupopromambo.com\/nueva\/wp-json\/wp\/v2\/pages"}],"about":[{"href":"https:\/\/grupopromambo.com\/nueva\/wp-json\/wp\/v2\/types\/page"}],"author":[{"embeddable":true,"href":"https:\/\/grupopromambo.com\/nueva\/wp-json\/wp\/v2\/users\/1"}],"replies":[{"embeddable":true,"href":"https:\/\/grupopromambo.com\/nueva\/wp-json\/wp\/v2\/comments?post=318"}],"version-history":[{"count":31,"href":"https:\/\/grupopromambo.com\/nueva\/wp-json\/wp\/v2\/pages\/318\/revisions"}],"predecessor-version":[{"id":953,"href":"https:\/\/grupopromambo.com\/nueva\/wp-json\/wp\/v2\/pages\/318\/revisions\/953"}],"wp:attachment":[{"href":"https:\/\/grupopromambo.com\/nueva\/wp-json\/wp\/v2\/media?parent=318"}],"curies":[{"name":"wp","href":"https:\/\/api.w.org\/{rel}","templated":true}]}}