{"id":333,"date":"2021-08-25T15:01:20","date_gmt":"2021-08-25T18:01:20","guid":{"rendered":"https:\/\/grupopromambo.com\/nueva\/?page_id=333"},"modified":"2021-10-20T15:32:35","modified_gmt":"2021-10-20T18:32:35","slug":"call-me-pasta","status":"publish","type":"page","link":"https:\/\/grupopromambo.com\/nueva\/call-me-pasta\/","title":{"rendered":"Call Me Pasta!"},"content":{"rendered":"<p>[vc_row full_width=&#8221;stretch_row_content&#8221; css=&#8221;.vc_custom_1629832195922{margin-top: 0px !important;margin-bottom: 0px !important;padding-top: 0px !important;padding-bottom: 0px !important;background-color: #000000 !important;background-position: center !important;background-repeat: no-repeat !important;background-size: cover !important;}&#8221;][vc_column][vc_single_image image=&#8221;12&#8243; img_size=&#8221;medium&#8221; alignment=&#8221;center&#8221; onclick=&#8221;custom_link&#8221; link=&#8221;https:\/\/grupopromambo.com\/nueva\/&#8221;]<div class=\"clearboth\"><\/div><div class=\"gem-divider \" style=\"margin-top: 40px;\"><\/div>[vc_column_text css=&#8221;.vc_custom_1634682219943{border-top-width: 3px !important;border-top-color: #ffffff !important;border-top-style: solid !important;}&#8221;]<\/p>\n<h3 style=\"text-align: center;\"><span style=\"color: #ffffff;\">Call me pasta!<\/span><\/h3>\n<p>[\/vc_column_text][vc_column_text css=&#8221;.vc_custom_1634683545851{border-bottom-width: 3px !important;border-bottom-color: #ffffff !important;border-bottom-style: solid !important;}&#8221;]<\/p>\n<h4 style=\"text-align: center;\"><span style=\"color: #ffffff;\">La Plata \/ Asunci\u00f3n<\/span><\/h4>\n<p>[\/vc_column_text]<div class=\"clearboth\"><\/div><div class=\"gem-divider \" style=\"margin-top: 40px;\"><\/div>[\/vc_column][\/vc_row][vc_row full_width=&#8221;stretch_row&#8221; css=&#8221;.vc_custom_1629907726935{margin-top: 0px !important;margin-bottom: 0px !important;padding-top: 0px !important;padding-bottom: 0px !important;background-color: #000000 !important;}&#8221;][vc_column][vc_row_inner][vc_column_inner width=&#8221;4\/12&#8243;][vc_column_text]<span style=\"color: #ffffff;\">Representa el punto de encuentro de la pasta casera de calidad italiana y las recetas favoritas americanas.<\/span><\/p>\n<p><span style=\"color: #ffffff;\">En Call Me Pasta!, el \u00fanico l\u00edmite es la imaginaci\u00f3n de los clientes. Un punto de encuentro de la pasta casera de calidad italiana y las recetas favoritas americanas.<\/span><\/p>\n<p><span style=\"color: #ffffff;\">En Call Me Pasta! El \u00fanico l\u00edmite es tu imaginaci\u00f3n.<\/span>[\/vc_column_text][\/vc_column_inner][vc_column_inner width=&#8221;8\/12&#8243;][vc_single_image image=&#8221;497&#8243; img_size=&#8221;full&#8221; alignment=&#8221;center&#8221;][\/vc_column_inner][\/vc_row_inner][\/vc_column][\/vc_row][vc_row full_width=&#8221;stretch_row&#8221; equal_height=&#8221;yes&#8221; content_placement=&#8221;middle&#8221; css=&#8221;.vc_custom_1631637560612{margin-top: 0px !important;margin-bottom: 0px !important;background-color: #000000 !important;}&#8221;][vc_column][vc_row_inner equal_height=&#8221;yes&#8221; content_placement=&#8221;middle&#8221; css=&#8221;.vc_custom_1631637847979{border-top-width: 3px !important;border-bottom-width: 3px !important;border-top-color: #ffffff !important;border-top-style: solid !important;border-bottom-color: #ffffff !important;border-bottom-style: solid !important;}&#8221;][vc_column_inner width=&#8221;4\/12&#8243;][vc_single_image image=&#8221;771&#8243; img_size=&#8221;300&#215;300&#8243; alignment=&#8221;center&#8221;][\/vc_column_inner][vc_column_inner width=&#8221;4\/12&#8243;]<div class=\"gem-icon-with-text gem-icon-with-text-icon-size-small disable-mobile-centered gem-icon-with-text-flow\" ><div style=\"margin-bottom:0px;padding-top: 8px;margin-top:0px; \" class=\"gem-icon-with-text-icon\"><div class=\"gem-icon gem-icon-pack-material gem-icon-size-small  gem-icon-shape-square gem-simple-icon\"  style=\"opacity: 1;\"><div class=\"gem-icon-inner\" style=\"\"><span class=\"gem-icon-half-1\" style=\"color: #ffffff;\"><span class=\"back-angle\">&#xf3e3;<\/span><\/span><span class=\"gem-icon-half-2\" style=\"color: #ffffff;\"><span class=\"back-angle\">&#xf3e3;<\/span><\/span><\/div><\/div><\/div><div class=\"gem-icon-with-text-content\" ><div class=\"gem-icon-with-text-text\">[vc_column_text]<\/p>\n<div class=\"styled-subtitle\" style=\"text-align: left;\"><span style=\"color: #ffffff;\">La Plata, Buenos Aires, Argentina<\/span><\/div>\n<p>[\/vc_column_text]<\/div><\/div><div class=\"clearboth\"><\/div><\/div><div class=\"gem-icon-with-text gem-icon-with-text-icon-size-small disable-mobile-centered\" ><div style=\"margin-bottom:0px;padding-top: 8px;margin-top:0px; \" class=\"gem-icon-with-text-icon\"><div class=\"gem-icon gem-icon-pack-elegant gem-icon-size-small  gem-icon-shape-square gem-simple-icon\"  style=\"opacity: 1;\"><div class=\"gem-icon-inner\" style=\"\"><span class=\"gem-icon-half-1\" style=\"color: #ffffff;\"><span class=\"back-angle\">&#xe09a;<\/span><\/span><span class=\"gem-icon-half-2\" style=\"color: #ffffff;\"><span class=\"back-angle\">&#xe09a;<\/span><\/span><\/div><\/div><\/div><div class=\"gem-icon-with-text-content\" ><div class=\"gem-icon-with-text-text\">[vc_column_text]<\/p>\n<div class=\"styled-subtitle\" style=\"text-align: left;\"><a href=\"https:\/\/www.instagram.com\/callmepasta.ar\/\" target=\"_blank\" rel=\"noopener\"><span style=\"color: #ffffff;\">callmepasta.ar<\/span><\/a><\/div>\n<p>[\/vc_column_text]<\/div><\/div><div class=\"clearboth\"><\/div><\/div><div class=\"gem-icon-with-text gem-icon-with-text-icon-size-small disable-mobile-centered\" ><div style=\"margin-bottom:0px;padding-top: 8px;margin-top:0px; \" class=\"gem-icon-with-text-icon\"><div class=\"gem-icon gem-icon-pack-elegant gem-icon-size-small  gem-icon-shape-square gem-simple-icon\"  style=\"opacity: 1;\"><div class=\"gem-icon-inner\" style=\"\"><span class=\"gem-icon-half-1\" style=\"color: #ffffff;\"><span class=\"back-angle\">&#xe093;<\/span><\/span><span class=\"gem-icon-half-2\" style=\"color: #ffffff;\"><span class=\"back-angle\">&#xe093;<\/span><\/span><\/div><\/div><\/div><div class=\"gem-icon-with-text-content\" ><div class=\"gem-icon-with-text-text\">[vc_column_text]<\/p>\n<div class=\"styled-subtitle\" style=\"text-align: left;\"><a href=\"https:\/\/www.facebook.com\/Callmepastaar-106800001598661\" target=\"_blank\" rel=\"noopener\"><span style=\"color: #ffffff;\">callmepasta.ar<\/span><\/a><\/div>\n<p>[\/vc_column_text]<\/div><\/div><div class=\"clearboth\"><\/div><\/div>[\/vc_column_inner][vc_column_inner width=&#8221;4\/12&#8243;]<div class=\"gem-icon-with-text gem-icon-with-text-icon-size-small disable-mobile-centered\" ><div style=\"margin-bottom:0px;padding-top: 8px;margin-top:0px; \" class=\"gem-icon-with-text-icon\"><div class=\"gem-icon gem-icon-pack-material gem-icon-size-small  gem-icon-shape-square gem-simple-icon\"  style=\"opacity: 1;\"><div class=\"gem-icon-inner\" style=\"\"><span class=\"gem-icon-half-1\" style=\"color: #ffffff;\"><span class=\"back-angle\">&#xf3e3;<\/span><\/span><span class=\"gem-icon-half-2\" style=\"color: #ffffff;\"><span class=\"back-angle\">&#xf3e3;<\/span><\/span><\/div><\/div><\/div><div class=\"gem-icon-with-text-content\" ><div class=\"gem-icon-with-text-text\">[vc_column_text]<\/p>\n<div class=\"styled-subtitle\" style=\"text-align: left;\"><span style=\"color: #ffffff;\">Asunci\u00f3n, Paraguay<\/span><\/div>\n<p>[\/vc_column_text]<\/div><\/div><div class=\"clearboth\"><\/div><\/div><div class=\"gem-icon-with-text gem-icon-with-text-icon-size-small disable-mobile-centered\" ><div style=\"margin-bottom:0px;padding-top: 8px;margin-top:0px; \" class=\"gem-icon-with-text-icon\"><div class=\"gem-icon gem-icon-pack-elegant gem-icon-size-small  gem-icon-shape-square gem-simple-icon\"  style=\"opacity: 1;\"><div class=\"gem-icon-inner\" style=\"\"><span class=\"gem-icon-half-1\" style=\"color: #ffffff;\"><span class=\"back-angle\">&#xe09a;<\/span><\/span><span class=\"gem-icon-half-2\" style=\"color: #ffffff;\"><span class=\"back-angle\">&#xe09a;<\/span><\/span><\/div><\/div><\/div><div class=\"gem-icon-with-text-content\" ><div class=\"gem-icon-with-text-text\">[vc_column_text]<\/p>\n<div class=\"styled-subtitle\" style=\"text-align: left;\"><a href=\"https:\/\/www.instagram.com\/callmepasta.py\/\" target=\"_blank\" rel=\"noopener\"><span style=\"color: #ffffff;\">callmepasta.py<\/span><\/a><\/div>\n<p>[\/vc_column_text]<\/div><\/div><div class=\"clearboth\"><\/div><\/div><div class=\"gem-icon-with-text gem-icon-with-text-icon-size-small disable-mobile-centered\" ><div style=\"margin-bottom:0px;padding-top: 8px;margin-top:0px; \" class=\"gem-icon-with-text-icon\"><div class=\"gem-icon gem-icon-pack-elegant gem-icon-size-small  gem-icon-shape-square gem-simple-icon\"  style=\"opacity: 1;\"><div class=\"gem-icon-inner\" style=\"\"><span class=\"gem-icon-half-1\" style=\"color: #ffffff;\"><span class=\"back-angle\">&#xe093;<\/span><\/span><span class=\"gem-icon-half-2\" style=\"color: #ffffff;\"><span class=\"back-angle\">&#xe093;<\/span><\/span><\/div><\/div><\/div><div class=\"gem-icon-with-text-content\" ><div class=\"gem-icon-with-text-text\">[vc_column_text]<\/p>\n<div class=\"styled-subtitle\" style=\"text-align: left;\"><a href=\"https:\/\/www.facebook.com\/Callmepastaar-106800001598661\" target=\"_blank\" rel=\"noopener\"><span style=\"color: #ffffff;\">callmepasta.py<\/span><\/a><\/div>\n<p>[\/vc_column_text]<\/div><\/div><div class=\"clearboth\"><\/div><\/div>[\/vc_column_inner][\/vc_row_inner]<div class=\"clearboth\"><\/div><div class=\"gem-divider \" style=\"margin-top: 40px;\"><\/div>[vc_row_inner][vc_column_inner width=&#8221;8\/12&#8243;][vc_column_text]<\/p>\n<p style=\"text-align: center;\">\u00a9 2021 Grupo ProMambo | Sitio desarrollado por <a href=\"http:\/\/www.websoluciones.com.ar\">Web Soluciones<\/a><\/p>\n<p>[\/vc_column_text][\/vc_column_inner][vc_column_inner width=&#8221;4\/12&#8243;]<div class=\"socials socials-list socials-colored socials-default socials-alignment-center\"><a class=\"socials-item\" target=\"_blank\" href=\"https:\/\/www.instagram.com\/grupo.promambo\/\"><i class=\"socials-item-icon instagram\" style=\"font-size: 24px\"><\/i><\/a><a class=\"socials-item\" target=\"_blank\" href=\"https:\/\/www.facebook.com\/profile.php?id=100054359569712\"><i class=\"socials-item-icon facebook\" style=\"font-size: 24px\"><\/i><\/a><\/div>[\/vc_column_inner][\/vc_row_inner]<div class=\"clearboth\"><\/div><div class=\"gem-divider \" style=\"margin-top: 40px;\"><\/div>[\/vc_column][\/vc_row]<\/p>\n","protected":false},"excerpt":{"rendered":"<p>[vc_row full_width=&#8221;stretch_row_content&#8221; css=&#8221;.vc_custom_1629832195922{margin-top: 0px !important;margin-bottom: 0px !important;padding-top: 0px !important;padding-bottom: 0px !important;background-color: #000000 !important;background-position: center !important;background-repeat: no-repeat !important;background-size: cover !important;}&#8221;][vc_column][vc_single_image image=&#8221;12&#8243;&#8230;<\/p>\n","protected":false},"author":1,"featured_media":0,"parent":0,"menu_order":0,"comment_status":"closed","ping_status":"closed","template":"","meta":{"footnotes":""},"class_list":["post-333","page","type-page","status-publish"],"yoast_head":"<!-- This site is optimized with the Yoast SEO plugin v23.2 - https:\/\/yoast.com\/wordpress\/plugins\/seo\/ -->\n<title>Call Me Pasta! &#8226; Grupo Pro Mambo<\/title>\n<meta name=\"robots\" content=\"index, follow, max-snippet:-1, max-image-preview:large, max-video-preview:-1\" \/>\n<link rel=\"canonical\" href=\"https:\/\/grupopromambo.com\/nueva\/call-me-pasta\/\" \/>\n<meta property=\"og:locale\" content=\"es_ES\" \/>\n<meta property=\"og:type\" content=\"article\" \/>\n<meta property=\"og:title\" content=\"Call Me Pasta! &#8226; Grupo Pro Mambo\" \/>\n<meta property=\"og:description\" content=\"[vc_row full_width=&#8221;stretch_row_content&#8221; css=&#8221;.vc_custom_1629832195922{margin-top: 0px !important;margin-bottom: 0px !important;padding-top: 0px !important;padding-bottom: 0px !important;background-color: #000000 !important;background-position: center !important;background-repeat: no-repeat !important;background-size: cover !important;}&#8221;][vc_column][vc_single_image image=&#8221;12&#8243;...\" \/>\n<meta property=\"og:url\" content=\"https:\/\/grupopromambo.com\/nueva\/call-me-pasta\/\" \/>\n<meta property=\"og:site_name\" content=\"Grupo Pro Mambo\" \/>\n<meta property=\"article:publisher\" content=\"https:\/\/www.facebook.com\/profile.php?id=100054359569712\" \/>\n<meta property=\"article:modified_time\" content=\"2021-10-20T18:32:35+00:00\" \/>\n<meta name=\"twitter:card\" content=\"summary_large_image\" \/>\n<meta name=\"twitter:label1\" content=\"Tiempo de lectura\" \/>\n\t<meta name=\"twitter:data1\" content=\"3 minutos\" \/>\n<script type=\"application\/ld+json\" class=\"yoast-schema-graph\">{\"@context\":\"https:\/\/schema.org\",\"@graph\":[{\"@type\":\"WebPage\",\"@id\":\"https:\/\/grupopromambo.com\/nueva\/call-me-pasta\/\",\"url\":\"https:\/\/grupopromambo.com\/nueva\/call-me-pasta\/\",\"name\":\"Call Me Pasta! &#8226; Grupo Pro Mambo\",\"isPartOf\":{\"@id\":\"https:\/\/grupopromambo.com\/nueva\/#website\"},\"datePublished\":\"2021-08-25T18:01:20+00:00\",\"dateModified\":\"2021-10-20T18:32:35+00:00\",\"breadcrumb\":{\"@id\":\"https:\/\/grupopromambo.com\/nueva\/call-me-pasta\/#breadcrumb\"},\"inLanguage\":\"es-AR\",\"potentialAction\":[{\"@type\":\"ReadAction\",\"target\":[\"https:\/\/grupopromambo.com\/nueva\/call-me-pasta\/\"]}]},{\"@type\":\"BreadcrumbList\",\"@id\":\"https:\/\/grupopromambo.com\/nueva\/call-me-pasta\/#breadcrumb\",\"itemListElement\":[{\"@type\":\"ListItem\",\"position\":1,\"name\":\"Inicio\",\"item\":\"https:\/\/grupopromambo.com\/nueva\/\"},{\"@type\":\"ListItem\",\"position\":2,\"name\":\"Call Me Pasta!\"}]},{\"@type\":\"WebSite\",\"@id\":\"https:\/\/grupopromambo.com\/nueva\/#website\",\"url\":\"https:\/\/grupopromambo.com\/nueva\/\",\"name\":\"Grupo Pro Mambo\",\"description\":\"\",\"publisher\":{\"@id\":\"https:\/\/grupopromambo.com\/nueva\/#organization\"},\"potentialAction\":[{\"@type\":\"SearchAction\",\"target\":{\"@type\":\"EntryPoint\",\"urlTemplate\":\"https:\/\/grupopromambo.com\/nueva\/?s={search_term_string}\"},\"query-input\":\"required name=search_term_string\"}],\"inLanguage\":\"es-AR\"},{\"@type\":\"Organization\",\"@id\":\"https:\/\/grupopromambo.com\/nueva\/#organization\",\"name\":\"Grupo Pro Mambo\",\"url\":\"https:\/\/grupopromambo.com\/nueva\/\",\"logo\":{\"@type\":\"ImageObject\",\"inLanguage\":\"es-AR\",\"@id\":\"https:\/\/grupopromambo.com\/nueva\/#\/schema\/logo\/image\/\",\"url\":\"https:\/\/grupopromambo.com\/nueva\/wp-content\/uploads\/grupopromambo-logo-01.jpg\",\"contentUrl\":\"https:\/\/grupopromambo.com\/nueva\/wp-content\/uploads\/grupopromambo-logo-01.jpg\",\"width\":1920,\"height\":587,\"caption\":\"Grupo Pro Mambo\"},\"image\":{\"@id\":\"https:\/\/grupopromambo.com\/nueva\/#\/schema\/logo\/image\/\"},\"sameAs\":[\"https:\/\/www.facebook.com\/profile.php?id=100054359569712\",\"https:\/\/www.instagram.com\/grupo.promambo\/\"]}]}<\/script>\n<!-- \/ Yoast SEO plugin. -->","yoast_head_json":{"title":"Call Me Pasta! &#8226; Grupo Pro Mambo","robots":{"index":"index","follow":"follow","max-snippet":"max-snippet:-1","max-image-preview":"max-image-preview:large","max-video-preview":"max-video-preview:-1"},"canonical":"https:\/\/grupopromambo.com\/nueva\/call-me-pasta\/","og_locale":"es_ES","og_type":"article","og_title":"Call Me Pasta! &#8226; Grupo Pro Mambo","og_description":"[vc_row full_width=&#8221;stretch_row_content&#8221; css=&#8221;.vc_custom_1629832195922{margin-top: 0px !important;margin-bottom: 0px !important;padding-top: 0px !important;padding-bottom: 0px !important;background-color: #000000 !important;background-position: center !important;background-repeat: no-repeat !important;background-size: cover !important;}&#8221;][vc_column][vc_single_image image=&#8221;12&#8243;...","og_url":"https:\/\/grupopromambo.com\/nueva\/call-me-pasta\/","og_site_name":"Grupo Pro Mambo","article_publisher":"https:\/\/www.facebook.com\/profile.php?id=100054359569712","article_modified_time":"2021-10-20T18:32:35+00:00","twitter_card":"summary_large_image","twitter_misc":{"Tiempo de lectura":"3 minutos"},"schema":{"@context":"https:\/\/schema.org","@graph":[{"@type":"WebPage","@id":"https:\/\/grupopromambo.com\/nueva\/call-me-pasta\/","url":"https:\/\/grupopromambo.com\/nueva\/call-me-pasta\/","name":"Call Me Pasta! &#8226; Grupo Pro Mambo","isPartOf":{"@id":"https:\/\/grupopromambo.com\/nueva\/#website"},"datePublished":"2021-08-25T18:01:20+00:00","dateModified":"2021-10-20T18:32:35+00:00","breadcrumb":{"@id":"https:\/\/grupopromambo.com\/nueva\/call-me-pasta\/#breadcrumb"},"inLanguage":"es-AR","potentialAction":[{"@type":"ReadAction","target":["https:\/\/grupopromambo.com\/nueva\/call-me-pasta\/"]}]},{"@type":"BreadcrumbList","@id":"https:\/\/grupopromambo.com\/nueva\/call-me-pasta\/#breadcrumb","itemListElement":[{"@type":"ListItem","position":1,"name":"Inicio","item":"https:\/\/grupopromambo.com\/nueva\/"},{"@type":"ListItem","position":2,"name":"Call Me Pasta!"}]},{"@type":"WebSite","@id":"https:\/\/grupopromambo.com\/nueva\/#website","url":"https:\/\/grupopromambo.com\/nueva\/","name":"Grupo Pro Mambo","description":"","publisher":{"@id":"https:\/\/grupopromambo.com\/nueva\/#organization"},"potentialAction":[{"@type":"SearchAction","target":{"@type":"EntryPoint","urlTemplate":"https:\/\/grupopromambo.com\/nueva\/?s={search_term_string}"},"query-input":"required name=search_term_string"}],"inLanguage":"es-AR"},{"@type":"Organization","@id":"https:\/\/grupopromambo.com\/nueva\/#organization","name":"Grupo Pro Mambo","url":"https:\/\/grupopromambo.com\/nueva\/","logo":{"@type":"ImageObject","inLanguage":"es-AR","@id":"https:\/\/grupopromambo.com\/nueva\/#\/schema\/logo\/image\/","url":"https:\/\/grupopromambo.com\/nueva\/wp-content\/uploads\/grupopromambo-logo-01.jpg","contentUrl":"https:\/\/grupopromambo.com\/nueva\/wp-content\/uploads\/grupopromambo-logo-01.jpg","width":1920,"height":587,"caption":"Grupo Pro Mambo"},"image":{"@id":"https:\/\/grupopromambo.com\/nueva\/#\/schema\/logo\/image\/"},"sameAs":["https:\/\/www.facebook.com\/profile.php?id=100054359569712","https:\/\/www.instagram.com\/grupo.promambo\/"]}]}},"_links":{"self":[{"href":"https:\/\/grupopromambo.com\/nueva\/wp-json\/wp\/v2\/pages\/333","targetHints":{"allow":["GET"]}}],"collection":[{"href":"https:\/\/grupopromambo.com\/nueva\/wp-json\/wp\/v2\/pages"}],"about":[{"href":"https:\/\/grupopromambo.com\/nueva\/wp-json\/wp\/v2\/types\/page"}],"author":[{"embeddable":true,"href":"https:\/\/grupopromambo.com\/nueva\/wp-json\/wp\/v2\/users\/1"}],"replies":[{"embeddable":true,"href":"https:\/\/grupopromambo.com\/nueva\/wp-json\/wp\/v2\/comments?post=333"}],"version-history":[{"count":26,"href":"https:\/\/grupopromambo.com\/nueva\/wp-json\/wp\/v2\/pages\/333\/revisions"}],"predecessor-version":[{"id":772,"href":"https:\/\/grupopromambo.com\/nueva\/wp-json\/wp\/v2\/pages\/333\/revisions\/772"}],"wp:attachment":[{"href":"https:\/\/grupopromambo.com\/nueva\/wp-json\/wp\/v2\/media?parent=333"}],"curies":[{"name":"wp","href":"https:\/\/api.w.org\/{rel}","templated":true}]}}