{"id":885,"date":"2021-10-25T18:10:57","date_gmt":"2021-10-25T21:10:57","guid":{"rendered":"https:\/\/grupopromambo.com\/nueva\/?page_id=885"},"modified":"2021-10-28T11:02:22","modified_gmt":"2021-10-28T14:02:22","slug":"trabaja-con-nosotros","status":"publish","type":"page","link":"https:\/\/grupopromambo.com\/nueva\/trabaja-con-nosotros\/","title":{"rendered":"Trabaj\u00e1 con nosotros"},"content":{"rendered":"<p>[vc_row full_width=&#8221;stretch_row&#8221; css=&#8221;.vc_custom_1629758466514{margin-top: 0px !important;margin-bottom: 0px !important;padding-top: 0px !important;padding-bottom: 0px !important;background-color: #000000 !important;background-position: center !important;background-repeat: no-repeat !important;background-size: cover !important;}&#8221;][vc_column][vc_single_image image=&#8221;12&#8243; img_size=&#8221;medium&#8221; alignment=&#8221;center&#8221; onclick=&#8221;custom_link&#8221; link=&#8221;https:\/\/grupopromambo.com\/nueva\/&#8221;]<div class=\"clearboth\"><\/div><div class=\"gem-divider \" style=\"margin-top: 40px;\"><\/div>[vc_column_text el_class=&#8221;subtitle-text&#8221; css=&#8221;.vc_custom_1635202346016{border-top-width: 3px !important;border-bottom-width: 3px !important;border-top-color: #ffffff !important;border-top-style: solid !important;border-bottom-color: #ffffff !important;border-bottom-style: solid !important;}&#8221;]<\/p>\n<h3 style=\"text-align: center;\"><span style=\"color: #ffffff;\">Trabaj\u00e1 con nosotros<\/span><\/h3>\n<p>[\/vc_column_text]<div class=\"clearboth\"><\/div><div class=\"gem-divider \" style=\"margin-top: 25px;\"><\/div>[vc_column_text]<\/p>\n<p style=\"text-align: center;\"><span style=\"color: #ffffff;\">Si sos un entusiasta por la comida, fan\u00e1tico de los buenos momentos, ten\u00e9s un ritmo de trabajo fuerte, sos respetuoso por los dem\u00e1s y hac\u00e9s las cosas mejor que lo com\u00fan, envianos tu CV.<\/span><\/p>\n<p>[\/vc_column_text]<div class=\"clearboth\"><\/div><div class=\"gem-divider \" style=\"margin-top: 25px;\"><\/div>\n<div class=\"wpcf7 no-js\" id=\"wpcf7-f884-o1\" lang=\"es-AR\" dir=\"ltr\">\n<div class=\"screen-reader-response\"><p role=\"status\" aria-live=\"polite\" aria-atomic=\"true\"><\/p> <ul><\/ul><\/div>\n<form action=\"\/nueva\/wp-json\/wp\/v2\/pages\/885#wpcf7-f884-o1\" method=\"post\" class=\"wpcf7-form init gem-contact-form-dark\" aria-label=\"Formulario de contacto\" enctype=\"multipart\/form-data\" novalidate=\"novalidate\" data-status=\"init\">\n<div style=\"display: none;\">\n<input type=\"hidden\" name=\"_wpcf7\" value=\"884\" \/>\n<input type=\"hidden\" name=\"_wpcf7_version\" value=\"5.9.8\" \/>\n<input type=\"hidden\" name=\"_wpcf7_locale\" value=\"es_AR\" \/>\n<input type=\"hidden\" name=\"_wpcf7_unit_tag\" value=\"wpcf7-f884-o1\" \/>\n<input type=\"hidden\" name=\"_wpcf7_container_post\" value=\"0\" \/>\n<input type=\"hidden\" name=\"_wpcf7_posted_data_hash\" value=\"\" \/>\n<\/div>\n<div class=\"contact-form\">\n\t<div class=\"col-lg-3 col-md-3 col-xs-12\">\n\t\t<div class=\"form-line\">\n\t\t\t<p><span class=\"wpcf7-form-control-wrap\" data-name=\"your-name\"><input size=\"40\" maxlength=\"400\" class=\"wpcf7-form-control wpcf7-text wpcf7-validates-as-required\" aria-required=\"true\" aria-invalid=\"false\" placeholder=\"Nombre*\" value=\"\" type=\"text\" name=\"your-name\" \/><\/span>\n\t\t\t<\/p>\n\t\t<\/div>\n\t<\/div>\n\t<div class=\"col-lg-3 col-md-3 col-xs-12\">\n\t\t<div class=\"form-line\">\n\t\t\t<p><span class=\"wpcf7-form-control-wrap\" data-name=\"your-email\"><input size=\"40\" maxlength=\"400\" class=\"wpcf7-form-control wpcf7-email wpcf7-validates-as-required wpcf7-text wpcf7-validates-as-email\" aria-required=\"true\" aria-invalid=\"false\" placeholder=\"Email*\" value=\"\" type=\"email\" name=\"your-email\" \/><\/span>\n\t\t\t<\/p>\n\t\t<\/div>\n\t<\/div>\n\t<div class=\"col-lg-6 col-md-6 col-xs-12\">\n\t\t<p><label>Adjuntar CV<\/label>\n\t\t<\/p>\n\t\t<div class=\"form-line\">\n\t\t\t<p><span class=\"wpcf7-form-control-wrap\" data-name=\"file-544\"><input size=\"40\" class=\"wpcf7-form-control wpcf7-file\" accept=\"audio\/*,video\/*,image\/*\" aria-invalid=\"false\" type=\"file\" name=\"file-544\" \/><\/span>\n\t\t\t<\/p>\n\t\t<\/div>\n\t<\/div>\n\t<div class=\"form-line col-lg-12 col-md-12 col-xs-12\">\n\t\t<p><span class=\"wpcf7-form-control-wrap\" data-name=\"your-message\"><textarea cols=\"40\" rows=\"10\" maxlength=\"2000\" class=\"wpcf7-form-control wpcf7-textarea wpcf7-validates-as-required\" aria-required=\"true\" aria-invalid=\"false\" placeholder=\"Mensaje\" name=\"your-message\"><\/textarea><\/span>\n\t\t<\/p>\n\t<\/div>\n\t<div class=\"col-lg-12 col-md-12 col-xs-12\">\n\t\t<div class=\"gem-button-container gem-button-position-fullwidth thegem-button-69fc63f17f8268435\" ><input class=\"gem-button gem-button-size-medium gem-button-style-outline gem-button-text-weight-normal gem-button-border-2 wpcf7-form-control wpcf7-submit gem-button-wpcf-custom\" style=\"border-radius: 0px;border-color: #394050FF;color: #FFFFFFFF;\" onmouseleave=\"this.style.borderColor='#394050FF';this.style.backgroundColor='transparent';this.style.color='#FFFFFFFF';\" onmouseenter=\"this.style.backgroundColor='#B6C6C9FF';this.style.color='#FFFFFFFF';\" id=\"\" tabindex=\"\" type=\"submit\" value=\"Enviar\" \/><\/div>\n\t<\/div>\n<\/div><div class=\"wpcf7-response-output\" aria-hidden=\"true\"><\/div>\n<\/form>\n<\/div>\n<div class=\"clearboth\"><\/div><div class=\"gem-divider \" style=\"margin-top: 40px;\"><\/div>[vc_row_inner css=&#8221;.vc_custom_1634760641106{border-top-width: 3px !important;border-top-color: #ffffff !important;border-top-style: solid !important;}&#8221;][vc_column_inner width=&#8221;8\/12&#8243;][vc_column_text]<\/p>\n<p style=\"text-align: center;\">\u00a9 2021 Grupo ProMambo | Sitio desarrollado por <a href=\"http:\/\/www.websoluciones.com.ar\">Web Soluciones<\/a><\/p>\n<p>[\/vc_column_text][\/vc_column_inner][vc_column_inner width=&#8221;4\/12&#8243;]<div class=\"socials socials-list socials-colored socials-default socials-alignment-center\"><a class=\"socials-item\" target=\"_blank\" href=\"https:\/\/www.instagram.com\/grupo.promambo\/\"><i class=\"socials-item-icon instagram\" style=\"font-size: 24px\"><\/i><\/a><a class=\"socials-item\" target=\"_blank\" href=\"https:\/\/www.facebook.com\/profile.php?id=100054359569712\"><i class=\"socials-item-icon facebook\" style=\"font-size: 24px\"><\/i><\/a><\/div>[\/vc_column_inner][\/vc_row_inner]<div class=\"clearboth\"><\/div><div class=\"gem-divider \" style=\"margin-top: 40px;\"><\/div>[\/vc_column][\/vc_row]<\/p>\n","protected":false},"excerpt":{"rendered":"<p>[vc_row full_width=&#8221;stretch_row&#8221; css=&#8221;.vc_custom_1629758466514{margin-top: 0px !important;margin-bottom: 0px !important;padding-top: 0px !important;padding-bottom: 0px !important;background-color: #000000 !important;background-position: center !important;background-repeat: no-repeat !important;background-size: cover !important;}&#8221;][vc_column][vc_single_image image=&#8221;12&#8243;&#8230;<\/p>\n","protected":false},"author":1,"featured_media":0,"parent":0,"menu_order":0,"comment_status":"closed","ping_status":"closed","template":"","meta":{"footnotes":""},"class_list":["post-885","page","type-page","status-publish"],"yoast_head":"<!-- This site is optimized with the Yoast SEO plugin v23.2 - https:\/\/yoast.com\/wordpress\/plugins\/seo\/ -->\n<title>Trabaj\u00e1 con nosotros &#8226; Grupo Pro Mambo<\/title>\n<meta name=\"robots\" content=\"index, follow, max-snippet:-1, max-image-preview:large, max-video-preview:-1\" \/>\n<link rel=\"canonical\" href=\"https:\/\/grupopromambo.com\/nueva\/trabaja-con-nosotros\/\" \/>\n<meta property=\"og:locale\" content=\"es_ES\" \/>\n<meta property=\"og:type\" content=\"article\" \/>\n<meta property=\"og:title\" content=\"Trabaj\u00e1 con nosotros &#8226; Grupo Pro Mambo\" \/>\n<meta property=\"og:description\" content=\"[vc_row full_width=&#8221;stretch_row&#8221; css=&#8221;.vc_custom_1629758466514{margin-top: 0px !important;margin-bottom: 0px !important;padding-top: 0px !important;padding-bottom: 0px !important;background-color: #000000 !important;background-position: center !important;background-repeat: no-repeat !important;background-size: cover !important;}&#8221;][vc_column][vc_single_image image=&#8221;12&#8243;...\" \/>\n<meta property=\"og:url\" content=\"https:\/\/grupopromambo.com\/nueva\/trabaja-con-nosotros\/\" \/>\n<meta property=\"og:site_name\" content=\"Grupo Pro Mambo\" \/>\n<meta property=\"article:publisher\" content=\"https:\/\/www.facebook.com\/profile.php?id=100054359569712\" \/>\n<meta property=\"article:modified_time\" content=\"2021-10-28T14:02:22+00:00\" \/>\n<meta name=\"twitter:card\" content=\"summary_large_image\" \/>\n<meta name=\"twitter:label1\" content=\"Tiempo de lectura\" \/>\n\t<meta name=\"twitter:data1\" content=\"1 minuto\" \/>\n<script type=\"application\/ld+json\" class=\"yoast-schema-graph\">{\"@context\":\"https:\/\/schema.org\",\"@graph\":[{\"@type\":\"WebPage\",\"@id\":\"https:\/\/grupopromambo.com\/nueva\/trabaja-con-nosotros\/\",\"url\":\"https:\/\/grupopromambo.com\/nueva\/trabaja-con-nosotros\/\",\"name\":\"Trabaj\u00e1 con nosotros &#8226; Grupo Pro Mambo\",\"isPartOf\":{\"@id\":\"https:\/\/grupopromambo.com\/nueva\/#website\"},\"datePublished\":\"2021-10-25T21:10:57+00:00\",\"dateModified\":\"2021-10-28T14:02:22+00:00\",\"breadcrumb\":{\"@id\":\"https:\/\/grupopromambo.com\/nueva\/trabaja-con-nosotros\/#breadcrumb\"},\"inLanguage\":\"es-AR\",\"potentialAction\":[{\"@type\":\"ReadAction\",\"target\":[\"https:\/\/grupopromambo.com\/nueva\/trabaja-con-nosotros\/\"]}]},{\"@type\":\"BreadcrumbList\",\"@id\":\"https:\/\/grupopromambo.com\/nueva\/trabaja-con-nosotros\/#breadcrumb\",\"itemListElement\":[{\"@type\":\"ListItem\",\"position\":1,\"name\":\"Inicio\",\"item\":\"https:\/\/grupopromambo.com\/nueva\/\"},{\"@type\":\"ListItem\",\"position\":2,\"name\":\"Trabaj\u00e1 con nosotros\"}]},{\"@type\":\"WebSite\",\"@id\":\"https:\/\/grupopromambo.com\/nueva\/#website\",\"url\":\"https:\/\/grupopromambo.com\/nueva\/\",\"name\":\"Grupo Pro Mambo\",\"description\":\"\",\"publisher\":{\"@id\":\"https:\/\/grupopromambo.com\/nueva\/#organization\"},\"potentialAction\":[{\"@type\":\"SearchAction\",\"target\":{\"@type\":\"EntryPoint\",\"urlTemplate\":\"https:\/\/grupopromambo.com\/nueva\/?s={search_term_string}\"},\"query-input\":\"required name=search_term_string\"}],\"inLanguage\":\"es-AR\"},{\"@type\":\"Organization\",\"@id\":\"https:\/\/grupopromambo.com\/nueva\/#organization\",\"name\":\"Grupo Pro Mambo\",\"url\":\"https:\/\/grupopromambo.com\/nueva\/\",\"logo\":{\"@type\":\"ImageObject\",\"inLanguage\":\"es-AR\",\"@id\":\"https:\/\/grupopromambo.com\/nueva\/#\/schema\/logo\/image\/\",\"url\":\"https:\/\/grupopromambo.com\/nueva\/wp-content\/uploads\/grupopromambo-logo-01.jpg\",\"contentUrl\":\"https:\/\/grupopromambo.com\/nueva\/wp-content\/uploads\/grupopromambo-logo-01.jpg\",\"width\":1920,\"height\":587,\"caption\":\"Grupo Pro Mambo\"},\"image\":{\"@id\":\"https:\/\/grupopromambo.com\/nueva\/#\/schema\/logo\/image\/\"},\"sameAs\":[\"https:\/\/www.facebook.com\/profile.php?id=100054359569712\",\"https:\/\/www.instagram.com\/grupo.promambo\/\"]}]}<\/script>\n<!-- \/ Yoast SEO plugin. -->","yoast_head_json":{"title":"Trabaj\u00e1 con nosotros &#8226; Grupo Pro Mambo","robots":{"index":"index","follow":"follow","max-snippet":"max-snippet:-1","max-image-preview":"max-image-preview:large","max-video-preview":"max-video-preview:-1"},"canonical":"https:\/\/grupopromambo.com\/nueva\/trabaja-con-nosotros\/","og_locale":"es_ES","og_type":"article","og_title":"Trabaj\u00e1 con nosotros &#8226; Grupo Pro Mambo","og_description":"[vc_row full_width=&#8221;stretch_row&#8221; css=&#8221;.vc_custom_1629758466514{margin-top: 0px !important;margin-bottom: 0px !important;padding-top: 0px !important;padding-bottom: 0px !important;background-color: #000000 !important;background-position: center !important;background-repeat: no-repeat !important;background-size: cover !important;}&#8221;][vc_column][vc_single_image image=&#8221;12&#8243;...","og_url":"https:\/\/grupopromambo.com\/nueva\/trabaja-con-nosotros\/","og_site_name":"Grupo Pro Mambo","article_publisher":"https:\/\/www.facebook.com\/profile.php?id=100054359569712","article_modified_time":"2021-10-28T14:02:22+00:00","twitter_card":"summary_large_image","twitter_misc":{"Tiempo de lectura":"1 minuto"},"schema":{"@context":"https:\/\/schema.org","@graph":[{"@type":"WebPage","@id":"https:\/\/grupopromambo.com\/nueva\/trabaja-con-nosotros\/","url":"https:\/\/grupopromambo.com\/nueva\/trabaja-con-nosotros\/","name":"Trabaj\u00e1 con nosotros &#8226; Grupo Pro Mambo","isPartOf":{"@id":"https:\/\/grupopromambo.com\/nueva\/#website"},"datePublished":"2021-10-25T21:10:57+00:00","dateModified":"2021-10-28T14:02:22+00:00","breadcrumb":{"@id":"https:\/\/grupopromambo.com\/nueva\/trabaja-con-nosotros\/#breadcrumb"},"inLanguage":"es-AR","potentialAction":[{"@type":"ReadAction","target":["https:\/\/grupopromambo.com\/nueva\/trabaja-con-nosotros\/"]}]},{"@type":"BreadcrumbList","@id":"https:\/\/grupopromambo.com\/nueva\/trabaja-con-nosotros\/#breadcrumb","itemListElement":[{"@type":"ListItem","position":1,"name":"Inicio","item":"https:\/\/grupopromambo.com\/nueva\/"},{"@type":"ListItem","position":2,"name":"Trabaj\u00e1 con nosotros"}]},{"@type":"WebSite","@id":"https:\/\/grupopromambo.com\/nueva\/#website","url":"https:\/\/grupopromambo.com\/nueva\/","name":"Grupo Pro Mambo","description":"","publisher":{"@id":"https:\/\/grupopromambo.com\/nueva\/#organization"},"potentialAction":[{"@type":"SearchAction","target":{"@type":"EntryPoint","urlTemplate":"https:\/\/grupopromambo.com\/nueva\/?s={search_term_string}"},"query-input":"required name=search_term_string"}],"inLanguage":"es-AR"},{"@type":"Organization","@id":"https:\/\/grupopromambo.com\/nueva\/#organization","name":"Grupo Pro Mambo","url":"https:\/\/grupopromambo.com\/nueva\/","logo":{"@type":"ImageObject","inLanguage":"es-AR","@id":"https:\/\/grupopromambo.com\/nueva\/#\/schema\/logo\/image\/","url":"https:\/\/grupopromambo.com\/nueva\/wp-content\/uploads\/grupopromambo-logo-01.jpg","contentUrl":"https:\/\/grupopromambo.com\/nueva\/wp-content\/uploads\/grupopromambo-logo-01.jpg","width":1920,"height":587,"caption":"Grupo Pro Mambo"},"image":{"@id":"https:\/\/grupopromambo.com\/nueva\/#\/schema\/logo\/image\/"},"sameAs":["https:\/\/www.facebook.com\/profile.php?id=100054359569712","https:\/\/www.instagram.com\/grupo.promambo\/"]}]}},"_links":{"self":[{"href":"https:\/\/grupopromambo.com\/nueva\/wp-json\/wp\/v2\/pages\/885","targetHints":{"allow":["GET"]}}],"collection":[{"href":"https:\/\/grupopromambo.com\/nueva\/wp-json\/wp\/v2\/pages"}],"about":[{"href":"https:\/\/grupopromambo.com\/nueva\/wp-json\/wp\/v2\/types\/page"}],"author":[{"embeddable":true,"href":"https:\/\/grupopromambo.com\/nueva\/wp-json\/wp\/v2\/users\/1"}],"replies":[{"embeddable":true,"href":"https:\/\/grupopromambo.com\/nueva\/wp-json\/wp\/v2\/comments?post=885"}],"version-history":[{"count":8,"href":"https:\/\/grupopromambo.com\/nueva\/wp-json\/wp\/v2\/pages\/885\/revisions"}],"predecessor-version":[{"id":908,"href":"https:\/\/grupopromambo.com\/nueva\/wp-json\/wp\/v2\/pages\/885\/revisions\/908"}],"wp:attachment":[{"href":"https:\/\/grupopromambo.com\/nueva\/wp-json\/wp\/v2\/media?parent=885"}],"curies":[{"name":"wp","href":"https:\/\/api.w.org\/{rel}","templated":true}]}}