{"id":983,"date":"2022-03-19T11:01:16","date_gmt":"2022-03-19T14:01:16","guid":{"rendered":"https:\/\/grupopromambo.com\/nueva\/?page_id=983"},"modified":"2023-06-01T10:32:14","modified_gmt":"2023-06-01T13:32:14","slug":"abruzzese-gril","status":"publish","type":"page","link":"https:\/\/grupopromambo.com\/nueva\/abruzzese-gril\/","title":{"rendered":"Abruzzese Gril"},"content":{"rendered":"<p>[vc_row full_width=&#8221;stretch_row_content&#8221; css=&#8221;.vc_custom_1629832195922{margin-top: 0px !important;margin-bottom: 0px !important;padding-top: 0px !important;padding-bottom: 0px !important;background-color: #000000 !important;background-position: center !important;background-repeat: no-repeat !important;background-size: cover !important;}&#8221;][vc_column][vc_single_image image=&#8221;12&#8243; img_size=&#8221;medium&#8221; alignment=&#8221;center&#8221; onclick=&#8221;custom_link&#8221; link=&#8221;https:\/\/grupopromambo.com\/nueva\/&#8221;]<div class=\"clearboth\"><\/div><div class=\"gem-divider \" style=\"margin-top: 40px;\"><\/div>[vc_column_text css=&#8221;.vc_custom_1647695641094{border-top-width: 3px !important;border-top-color: #ffffff !important;border-top-style: solid !important;}&#8221;]<\/p>\n<h3 style=\"text-align: center;\"><span style=\"color: #ffffff;\">Abruzzese Grill<\/span><\/h3>\n<p>[\/vc_column_text][vc_column_text css=&#8221;.vc_custom_1647695654158{border-bottom-width: 3px !important;border-bottom-color: #ffffff !important;border-bottom-style: solid !important;}&#8221;]<\/p>\n<h4 style=\"text-align: center;\"><span style=\"color: #ffffff;\">City Bell<\/span><\/h4>\n<p>[\/vc_column_text]<div class=\"clearboth\"><\/div><div class=\"gem-divider \" style=\"margin-top: 40px;\"><\/div>[\/vc_column][\/vc_row][vc_row full_width=&#8221;stretch_row&#8221; css=&#8221;.vc_custom_1629907726935{margin-top: 0px !important;margin-bottom: 0px !important;padding-top: 0px !important;padding-bottom: 0px !important;background-color: #000000 !important;}&#8221;][vc_column][vc_row_inner][vc_column_inner width=&#8221;4\/12&#8243;][vc_column_text]<span style=\"color: #ffffff;\">La atracci\u00f3n del fuego, las carnes maduradas, los platos tradicionales de una marca platense cuya historia se remonta a 1937 son los conceptos que se unen en este nuevo local: Abruzzese Grill.<\/span><\/p>\n<p><span style=\"color: #ffffff;\">A fines de 2020, Nicol\u00e1s Boccabella tom\u00f3 las riendas de la marca y tom\u00f3 la decisi\u00f3n de actualizarse y seguir apostando a la gastronom\u00eda platense, adem\u00e1s de buscar nuevos rumbos.<\/span><\/p>\n<p><span style=\"color: #ffffff;\">En este momento est\u00e1 trabajando en el desarrollo de Abruzzese Grill, en el coraz\u00f3n citibelense. Un sal\u00f3n amplio, en el que disfrutar de carnes maduradas, manteniendo la historia de los platos tradicionales de la marca,<\/span>[\/vc_column_text][\/vc_column_inner][vc_column_inner width=&#8221;4\/12&#8243;][vc_column_text]<span style=\"color: #ffffff;\">con una l\u00f3gica m\u00e1s moderna, apuntando a un consumidor exigente y con planes de expansi\u00f3n hacia CABA y el interior del pa\u00eds a trav\u00e9s del sistema de franquicias.<\/span><\/p>\n<p><span style=\"color: #ffffff;\">A esta cocina novedosa, se suma la barra que cuenta con el sello de Nicol\u00e1s Eraz\u00fan, bartender ganador del Bacardi Legacy Argentina 2020 y semifinalista de World Class Argentina 2022. Dos de las competencias de cocteler\u00eda m\u00e1s importantes del mundo.<\/span><\/p>\n<p><span style=\"color: #ffffff;\">Buenas carnes, buenos cocktails y un local con el sello distintivo de la familia Boccabella, de calidad y buen servicio.<\/span>[\/vc_column_text][\/vc_column_inner][vc_column_inner width=&#8221;4\/12&#8243;][vc_single_image image=&#8221;1065&#8243; img_size=&#8221;full&#8221; alignment=&#8221;center&#8221;][\/vc_column_inner][\/vc_row_inner][\/vc_column][\/vc_row][vc_row full_width=&#8221;stretch_row_content_no_spaces&#8221; css=&#8221;.vc_custom_1629832322420{margin-top: 0px !important;margin-bottom: 0px !important;padding-top: 0px !important;padding-bottom: 0px !important;background-color: #000000 !important;}&#8221;][vc_column]<div class=\"preloader\"><div class=\"preloader-spin\"><\/div><\/div>\n<div class=\"gallery-preloader-wrapper\"> <div class=\"row\" style=\"margin-top: -5px\" > <div class=\"without-padding metro-item-style-default gallery-style-metro gem-gallery-grid metro col-lg-12 col-md-12 col-sm-12 hover-zooming-blur item-animation-move-up fullwidth-columns-5\" data-hover=\"zooming-blur\"> <div class=\"fullwidth-block\" style=\"padding-left: 5px; padding-right: 5px;\"> <ul class=\"gallery-set clearfix\" data-max-row-height=\"380\"> <li style=\"padding: 5px\" class=\"gallery-item item-animations-not-inited post-983 page type-page status-publish\"> <div class=\"wrap gem-wrapbox-style-default\"> <div class=\"overlay-wrap\"> <div class=\"image-wrap \"> <picture> <source srcset=\"https:\/\/grupopromambo.com\/nueva\/wp-content\/uploads\/grupopromambo-imagen-abruzzese-grill-23-thegem-gallery-metro-medium.jpg 1x, https:\/\/grupopromambo.com\/nueva\/wp-content\/uploads\/grupopromambo-imagen-abruzzese-grill-23.jpg 2x\" media=\"(min-width: 550px) and (max-width: 1100px)\" sizes=\"100vw\"> <img decoding=\"async\" src=\"https:\/\/grupopromambo.com\/nueva\/wp-content\/uploads\/grupopromambo-imagen-abruzzese-grill-23-thegem-gallery-metro.jpg\" width=\"334\" height=\"500\" class=\"attachment-thegem-gallery-metro\" alt=\"grupopromambo-imagen-abruzzese-grill-23\" \/> <\/picture> <\/div> <div class=\"overlay \"> <div class=\"overlay-circle\"><\/div> <a href=\"https:\/\/grupopromambo.com\/nueva\/wp-content\/uploads\/grupopromambo-imagen-abruzzese-grill-23.jpg\" class=\"gallery-item-link fancy-gallery\" data-fancybox=\"gallery-69e9204dce503\"> <span class=\"slide-info\"> <\/span> <\/a> <div class=\"overlay-content\"> <div class=\"overlay-content-center\"> <div class=\"overlay-content-inner\"> <a href=\"https:\/\/grupopromambo.com\/nueva\/wp-content\/uploads\/grupopromambo-imagen-abruzzese-grill-23.jpg\" class=\"icon photo \" > <\/a> <div class=\"overlay-line\"><\/div> <\/div> <\/div> <\/div> <\/div> <\/div> <\/div> <\/li> <li style=\"padding: 5px\" class=\"gallery-item item-animations-not-inited post-983 page type-page status-publish\"> <div class=\"wrap gem-wrapbox-style-default\"> <div class=\"overlay-wrap\"> <div class=\"image-wrap \"> <picture> <source srcset=\"https:\/\/grupopromambo.com\/nueva\/wp-content\/uploads\/grupopromambo-imagen-abruzzese-grill-19-thegem-gallery-metro-medium.jpg 1x, https:\/\/grupopromambo.com\/nueva\/wp-content\/uploads\/grupopromambo-imagen-abruzzese-grill-19.jpg 2x\" media=\"(min-width: 550px) and (max-width: 1100px)\" sizes=\"100vw\"> <img decoding=\"async\" src=\"https:\/\/grupopromambo.com\/nueva\/wp-content\/uploads\/grupopromambo-imagen-abruzzese-grill-19-thegem-gallery-metro.jpg\" width=\"714\" height=\"500\" class=\"attachment-thegem-gallery-metro\" alt=\"grupopromambo-imagen-abruzzese-grill-19\" \/> <\/picture> <\/div> <div class=\"overlay \"> <div class=\"overlay-circle\"><\/div> <a href=\"https:\/\/grupopromambo.com\/nueva\/wp-content\/uploads\/grupopromambo-imagen-abruzzese-grill-19.jpg\" class=\"gallery-item-link fancy-gallery\" data-fancybox=\"gallery-69e9204dce503\"> <span class=\"slide-info\"> <\/span> <\/a> <div class=\"overlay-content\"> <div class=\"overlay-content-center\"> <div class=\"overlay-content-inner\"> <a href=\"https:\/\/grupopromambo.com\/nueva\/wp-content\/uploads\/grupopromambo-imagen-abruzzese-grill-19.jpg\" class=\"icon photo \" > <\/a> <div class=\"overlay-line\"><\/div> <\/div> <\/div> <\/div> <\/div> <\/div> <\/div> <\/li> <li style=\"padding: 5px\" class=\"gallery-item item-animations-not-inited post-983 page type-page status-publish\"> <div class=\"wrap gem-wrapbox-style-default\"> <div class=\"overlay-wrap\"> <div class=\"image-wrap \"> <picture> <source srcset=\"https:\/\/grupopromambo.com\/nueva\/wp-content\/uploads\/grupopromambo-imagen-abruzzese-grill-20-thegem-gallery-metro-medium.jpg 1x, https:\/\/grupopromambo.com\/nueva\/wp-content\/uploads\/grupopromambo-imagen-abruzzese-grill-20.jpg 2x\" media=\"(min-width: 550px) and (max-width: 1100px)\" sizes=\"100vw\"> <img decoding=\"async\" src=\"https:\/\/grupopromambo.com\/nueva\/wp-content\/uploads\/grupopromambo-imagen-abruzzese-grill-20-thegem-gallery-metro.jpg\" width=\"568\" height=\"500\" class=\"attachment-thegem-gallery-metro\" alt=\"grupopromambo-imagen-abruzzese-grill-20\" \/> <\/picture> <\/div> <div class=\"overlay \"> <div class=\"overlay-circle\"><\/div> <a href=\"https:\/\/grupopromambo.com\/nueva\/wp-content\/uploads\/grupopromambo-imagen-abruzzese-grill-20.jpg\" class=\"gallery-item-link fancy-gallery\" data-fancybox=\"gallery-69e9204dce503\"> <span class=\"slide-info\"> <\/span> <\/a> <div class=\"overlay-content\"> <div class=\"overlay-content-center\"> <div class=\"overlay-content-inner\"> <a href=\"https:\/\/grupopromambo.com\/nueva\/wp-content\/uploads\/grupopromambo-imagen-abruzzese-grill-20.jpg\" class=\"icon photo \" > <\/a> <div class=\"overlay-line\"><\/div> <\/div> <\/div> <\/div> <\/div> <\/div> <\/div> <\/li> <li style=\"padding: 5px\" class=\"gallery-item item-animations-not-inited post-983 page type-page status-publish\"> <div class=\"wrap gem-wrapbox-style-default\"> <div class=\"overlay-wrap\"> <div class=\"image-wrap \"> <picture> <source srcset=\"https:\/\/grupopromambo.com\/nueva\/wp-content\/uploads\/grupopromambo-imagen-abruzzese-grill-21-thegem-gallery-metro-medium.jpg 1x, https:\/\/grupopromambo.com\/nueva\/wp-content\/uploads\/grupopromambo-imagen-abruzzese-grill-21.jpg 2x\" media=\"(min-width: 550px) and (max-width: 1100px)\" sizes=\"100vw\"> <img decoding=\"async\" src=\"https:\/\/grupopromambo.com\/nueva\/wp-content\/uploads\/grupopromambo-imagen-abruzzese-grill-21-thegem-gallery-metro.jpg\" width=\"716\" height=\"500\" class=\"attachment-thegem-gallery-metro\" alt=\"grupopromambo-imagen-abruzzese-grill-21\" \/> <\/picture> <\/div> <div class=\"overlay \"> <div class=\"overlay-circle\"><\/div> <a href=\"https:\/\/grupopromambo.com\/nueva\/wp-content\/uploads\/grupopromambo-imagen-abruzzese-grill-21.jpg\" class=\"gallery-item-link fancy-gallery\" data-fancybox=\"gallery-69e9204dce503\"> <span class=\"slide-info\"> <\/span> <\/a> <div class=\"overlay-content\"> <div class=\"overlay-content-center\"> <div class=\"overlay-content-inner\"> <a href=\"https:\/\/grupopromambo.com\/nueva\/wp-content\/uploads\/grupopromambo-imagen-abruzzese-grill-21.jpg\" class=\"icon photo \" > <\/a> <div class=\"overlay-line\"><\/div> <\/div> <\/div> <\/div> <\/div> <\/div> <\/div> <\/li> <li style=\"padding: 5px\" class=\"gallery-item item-animations-not-inited post-983 page type-page status-publish\"> <div class=\"wrap gem-wrapbox-style-default\"> <div class=\"overlay-wrap\"> <div class=\"image-wrap \"> <picture> <source srcset=\"https:\/\/grupopromambo.com\/nueva\/wp-content\/uploads\/grupopromambo-imagen-abruzzese-grill-22-thegem-gallery-metro-medium.jpg 1x, https:\/\/grupopromambo.com\/nueva\/wp-content\/uploads\/grupopromambo-imagen-abruzzese-grill-22.jpg 2x\" media=\"(min-width: 550px) and (max-width: 1100px)\" sizes=\"100vw\"> <img decoding=\"async\" src=\"https:\/\/grupopromambo.com\/nueva\/wp-content\/uploads\/grupopromambo-imagen-abruzzese-grill-22-thegem-gallery-metro.jpg\" width=\"750\" height=\"500\" class=\"attachment-thegem-gallery-metro\" alt=\"grupopromambo-imagen-abruzzese-grill-22\" \/> <\/picture> <\/div> <div class=\"overlay \"> <div class=\"overlay-circle\"><\/div> <a href=\"https:\/\/grupopromambo.com\/nueva\/wp-content\/uploads\/grupopromambo-imagen-abruzzese-grill-22.jpg\" class=\"gallery-item-link fancy-gallery\" data-fancybox=\"gallery-69e9204dce503\"> <span class=\"slide-info\"> <\/span> <\/a> <div class=\"overlay-content\"> <div class=\"overlay-content-center\"> <div class=\"overlay-content-inner\"> <a href=\"https:\/\/grupopromambo.com\/nueva\/wp-content\/uploads\/grupopromambo-imagen-abruzzese-grill-22.jpg\" class=\"icon photo \" > <\/a> <div class=\"overlay-line\"><\/div> <\/div> <\/div> <\/div> <\/div> <\/div> <\/div> <\/li> <\/ul> <\/div> <\/div> <\/div> <\/div>[\/vc_column][\/vc_row][vc_row full_width=&#8221;stretch_row&#8221; equal_height=&#8221;yes&#8221; content_placement=&#8221;middle&#8221; css=&#8221;.vc_custom_1631637560612{margin-top: 0px !important;margin-bottom: 0px !important;background-color: #000000 !important;}&#8221;][vc_column][vc_row_inner equal_height=&#8221;yes&#8221; content_placement=&#8221;middle&#8221; css=&#8221;.vc_custom_1631637847979{border-top-width: 3px !important;border-bottom-width: 3px !important;border-top-color: #ffffff !important;border-top-style: solid !important;border-bottom-color: #ffffff !important;border-bottom-style: solid !important;}&#8221;][vc_column_inner width=&#8221;5\/12&#8243;][vc_single_image image=&#8221;998&#8243; img_size=&#8221;300&#215;300&#8243; alignment=&#8221;center&#8221;][\/vc_column_inner][vc_column_inner width=&#8221;4\/12&#8243;]<div class=\"gem-icon-with-text gem-icon-with-text-icon-size-small disable-mobile-centered gem-icon-with-text-flow\" ><div style=\"margin-bottom:0px;padding-top: 8px;margin-top:0px; \" class=\"gem-icon-with-text-icon\"><div class=\"gem-icon gem-icon-pack-material gem-icon-size-small  gem-icon-shape-square gem-simple-icon\"  style=\"opacity: 1;\"><div class=\"gem-icon-inner\" style=\"\"><span class=\"gem-icon-half-1\" style=\"color: #ffffff;\"><span class=\"back-angle\">&#xf3e3;<\/span><\/span><span class=\"gem-icon-half-2\" style=\"color: #ffffff;\"><span class=\"back-angle\">&#xf3e3;<\/span><\/span><\/div><\/div><\/div><div class=\"gem-icon-with-text-content\" ><div class=\"gem-icon-with-text-text\">[vc_column_text]<\/p>\n<div class=\"styled-subtitle\" style=\"text-align: left;\"><a href=\"https:\/\/goo.gl\/maps\/Gns4B3nk1NDhD8b39\" target=\"_blank\" rel=\"noopener\"><span style=\"color: #ffffff;\">Calle Cantilo Nro 136, City Bell, Buenos Aires, Argentina<\/span><\/a><\/div>\n<p>[\/vc_column_text]<\/div><\/div><div class=\"clearboth\"><\/div><\/div>[\/vc_column_inner][vc_column_inner width=&#8221;3\/12&#8243;]<div class=\"gem-icon-with-text gem-icon-with-text-icon-size-small disable-mobile-centered\" ><div style=\"margin-bottom:0px;padding-top: 8px;margin-top:0px; \" class=\"gem-icon-with-text-icon\"><div class=\"gem-icon gem-icon-pack-elegant gem-icon-size-small  gem-icon-shape-square gem-simple-icon\"  style=\"opacity: 1;\"><div class=\"gem-icon-inner\" style=\"\"><span class=\"gem-icon-half-1\" style=\"color: #ffffff;\"><span class=\"back-angle\">&#xe0e3;<\/span><\/span><span class=\"gem-icon-half-2\" style=\"color: #ffffff;\"><span class=\"back-angle\">&#xe0e3;<\/span><\/span><\/div><\/div><\/div><div class=\"gem-icon-with-text-content\" ><div class=\"gem-icon-with-text-text\">[vc_column_text]<\/p>\n<div class=\"styled-subtitle\" style=\"text-align: left;\"><a href=\"https:\/\/abruzzese1937.com\/\" target=\"_blank\" rel=\"noopener\"><span style=\"color: #ffffff;\">abruzzese1937.com<\/span><\/a><\/div>\n<p>[\/vc_column_text]<\/div><\/div><div class=\"clearboth\"><\/div><\/div>[\/vc_column_inner][\/vc_row_inner]<div class=\"clearboth\"><\/div><div class=\"gem-divider \" style=\"margin-top: 40px;\"><\/div>[vc_row_inner][vc_column_inner width=&#8221;8\/12&#8243;][vc_column_text]<\/p>\n<p style=\"text-align: center;\">\u00a9 2021 Grupo ProMambo | Sitio desarrollado por <a href=\"http:\/\/www.websoluciones.com.ar\">Web Soluciones<\/a><\/p>\n<p>[\/vc_column_text][\/vc_column_inner][vc_column_inner width=&#8221;4\/12&#8243;]<div class=\"socials socials-list socials-colored socials-default socials-alignment-center\"><a class=\"socials-item\" target=\"_blank\" href=\"https:\/\/www.instagram.com\/grupo.promambo\/\"><i class=\"socials-item-icon instagram\" style=\"font-size: 24px\"><\/i><\/a><a class=\"socials-item\" target=\"_blank\" href=\"https:\/\/www.facebook.com\/profile.php?id=100054359569712\"><i class=\"socials-item-icon facebook\" style=\"font-size: 24px\"><\/i><\/a><\/div>[\/vc_column_inner][\/vc_row_inner]<div class=\"clearboth\"><\/div><div class=\"gem-divider \" style=\"margin-top: 40px;\"><\/div>[\/vc_column][\/vc_row]<\/p>\n","protected":false},"excerpt":{"rendered":"<p>[vc_row full_width=&#8221;stretch_row_content&#8221; css=&#8221;.vc_custom_1629832195922{margin-top: 0px !important;margin-bottom: 0px !important;padding-top: 0px !important;padding-bottom: 0px !important;background-color: #000000 !important;background-position: center !important;background-repeat: no-repeat !important;background-size: cover !important;}&#8221;][vc_column][vc_single_image image=&#8221;12&#8243;&#8230;<\/p>\n","protected":false},"author":1,"featured_media":0,"parent":0,"menu_order":0,"comment_status":"closed","ping_status":"closed","template":"","meta":{"footnotes":""},"class_list":["post-983","page","type-page","status-publish"],"yoast_head":"<!-- This site is optimized with the Yoast SEO plugin v23.2 - https:\/\/yoast.com\/wordpress\/plugins\/seo\/ -->\n<title>Abruzzese Gril &#8226; Grupo Pro Mambo<\/title>\n<meta name=\"robots\" content=\"index, follow, max-snippet:-1, max-image-preview:large, max-video-preview:-1\" \/>\n<link rel=\"canonical\" href=\"https:\/\/grupopromambo.com\/nueva\/abruzzese-gril\/\" \/>\n<meta property=\"og:locale\" content=\"es_ES\" \/>\n<meta property=\"og:type\" content=\"article\" \/>\n<meta property=\"og:title\" content=\"Abruzzese Gril &#8226; Grupo Pro Mambo\" \/>\n<meta property=\"og:description\" content=\"[vc_row full_width=&#8221;stretch_row_content&#8221; css=&#8221;.vc_custom_1629832195922{margin-top: 0px !important;margin-bottom: 0px !important;padding-top: 0px !important;padding-bottom: 0px !important;background-color: #000000 !important;background-position: center !important;background-repeat: no-repeat !important;background-size: cover !important;}&#8221;][vc_column][vc_single_image image=&#8221;12&#8243;...\" \/>\n<meta property=\"og:url\" content=\"https:\/\/grupopromambo.com\/nueva\/abruzzese-gril\/\" \/>\n<meta property=\"og:site_name\" content=\"Grupo Pro Mambo\" \/>\n<meta property=\"article:publisher\" content=\"https:\/\/www.facebook.com\/profile.php?id=100054359569712\" \/>\n<meta property=\"article:modified_time\" content=\"2023-06-01T13:32:14+00:00\" \/>\n<meta name=\"twitter:card\" content=\"summary_large_image\" \/>\n<meta name=\"twitter:label1\" content=\"Tiempo de lectura\" \/>\n\t<meta name=\"twitter:data1\" content=\"3 minutos\" \/>\n<script type=\"application\/ld+json\" class=\"yoast-schema-graph\">{\"@context\":\"https:\/\/schema.org\",\"@graph\":[{\"@type\":\"WebPage\",\"@id\":\"https:\/\/grupopromambo.com\/nueva\/abruzzese-gril\/\",\"url\":\"https:\/\/grupopromambo.com\/nueva\/abruzzese-gril\/\",\"name\":\"Abruzzese Gril &#8226; Grupo Pro Mambo\",\"isPartOf\":{\"@id\":\"https:\/\/grupopromambo.com\/nueva\/#website\"},\"datePublished\":\"2022-03-19T14:01:16+00:00\",\"dateModified\":\"2023-06-01T13:32:14+00:00\",\"breadcrumb\":{\"@id\":\"https:\/\/grupopromambo.com\/nueva\/abruzzese-gril\/#breadcrumb\"},\"inLanguage\":\"es-AR\",\"potentialAction\":[{\"@type\":\"ReadAction\",\"target\":[\"https:\/\/grupopromambo.com\/nueva\/abruzzese-gril\/\"]}]},{\"@type\":\"BreadcrumbList\",\"@id\":\"https:\/\/grupopromambo.com\/nueva\/abruzzese-gril\/#breadcrumb\",\"itemListElement\":[{\"@type\":\"ListItem\",\"position\":1,\"name\":\"Inicio\",\"item\":\"https:\/\/grupopromambo.com\/nueva\/\"},{\"@type\":\"ListItem\",\"position\":2,\"name\":\"Abruzzese Gril\"}]},{\"@type\":\"WebSite\",\"@id\":\"https:\/\/grupopromambo.com\/nueva\/#website\",\"url\":\"https:\/\/grupopromambo.com\/nueva\/\",\"name\":\"Grupo Pro Mambo\",\"description\":\"\",\"publisher\":{\"@id\":\"https:\/\/grupopromambo.com\/nueva\/#organization\"},\"potentialAction\":[{\"@type\":\"SearchAction\",\"target\":{\"@type\":\"EntryPoint\",\"urlTemplate\":\"https:\/\/grupopromambo.com\/nueva\/?s={search_term_string}\"},\"query-input\":\"required name=search_term_string\"}],\"inLanguage\":\"es-AR\"},{\"@type\":\"Organization\",\"@id\":\"https:\/\/grupopromambo.com\/nueva\/#organization\",\"name\":\"Grupo Pro Mambo\",\"url\":\"https:\/\/grupopromambo.com\/nueva\/\",\"logo\":{\"@type\":\"ImageObject\",\"inLanguage\":\"es-AR\",\"@id\":\"https:\/\/grupopromambo.com\/nueva\/#\/schema\/logo\/image\/\",\"url\":\"https:\/\/grupopromambo.com\/nueva\/wp-content\/uploads\/grupopromambo-logo-01.jpg\",\"contentUrl\":\"https:\/\/grupopromambo.com\/nueva\/wp-content\/uploads\/grupopromambo-logo-01.jpg\",\"width\":1920,\"height\":587,\"caption\":\"Grupo Pro Mambo\"},\"image\":{\"@id\":\"https:\/\/grupopromambo.com\/nueva\/#\/schema\/logo\/image\/\"},\"sameAs\":[\"https:\/\/www.facebook.com\/profile.php?id=100054359569712\",\"https:\/\/www.instagram.com\/grupo.promambo\/\"]}]}<\/script>\n<!-- \/ Yoast SEO plugin. -->","yoast_head_json":{"title":"Abruzzese Gril &#8226; Grupo Pro Mambo","robots":{"index":"index","follow":"follow","max-snippet":"max-snippet:-1","max-image-preview":"max-image-preview:large","max-video-preview":"max-video-preview:-1"},"canonical":"https:\/\/grupopromambo.com\/nueva\/abruzzese-gril\/","og_locale":"es_ES","og_type":"article","og_title":"Abruzzese Gril &#8226; Grupo Pro Mambo","og_description":"[vc_row full_width=&#8221;stretch_row_content&#8221; css=&#8221;.vc_custom_1629832195922{margin-top: 0px !important;margin-bottom: 0px !important;padding-top: 0px !important;padding-bottom: 0px !important;background-color: #000000 !important;background-position: center !important;background-repeat: no-repeat !important;background-size: cover !important;}&#8221;][vc_column][vc_single_image image=&#8221;12&#8243;...","og_url":"https:\/\/grupopromambo.com\/nueva\/abruzzese-gril\/","og_site_name":"Grupo Pro Mambo","article_publisher":"https:\/\/www.facebook.com\/profile.php?id=100054359569712","article_modified_time":"2023-06-01T13:32:14+00:00","twitter_card":"summary_large_image","twitter_misc":{"Tiempo de lectura":"3 minutos"},"schema":{"@context":"https:\/\/schema.org","@graph":[{"@type":"WebPage","@id":"https:\/\/grupopromambo.com\/nueva\/abruzzese-gril\/","url":"https:\/\/grupopromambo.com\/nueva\/abruzzese-gril\/","name":"Abruzzese Gril &#8226; Grupo Pro Mambo","isPartOf":{"@id":"https:\/\/grupopromambo.com\/nueva\/#website"},"datePublished":"2022-03-19T14:01:16+00:00","dateModified":"2023-06-01T13:32:14+00:00","breadcrumb":{"@id":"https:\/\/grupopromambo.com\/nueva\/abruzzese-gril\/#breadcrumb"},"inLanguage":"es-AR","potentialAction":[{"@type":"ReadAction","target":["https:\/\/grupopromambo.com\/nueva\/abruzzese-gril\/"]}]},{"@type":"BreadcrumbList","@id":"https:\/\/grupopromambo.com\/nueva\/abruzzese-gril\/#breadcrumb","itemListElement":[{"@type":"ListItem","position":1,"name":"Inicio","item":"https:\/\/grupopromambo.com\/nueva\/"},{"@type":"ListItem","position":2,"name":"Abruzzese Gril"}]},{"@type":"WebSite","@id":"https:\/\/grupopromambo.com\/nueva\/#website","url":"https:\/\/grupopromambo.com\/nueva\/","name":"Grupo Pro Mambo","description":"","publisher":{"@id":"https:\/\/grupopromambo.com\/nueva\/#organization"},"potentialAction":[{"@type":"SearchAction","target":{"@type":"EntryPoint","urlTemplate":"https:\/\/grupopromambo.com\/nueva\/?s={search_term_string}"},"query-input":"required name=search_term_string"}],"inLanguage":"es-AR"},{"@type":"Organization","@id":"https:\/\/grupopromambo.com\/nueva\/#organization","name":"Grupo Pro Mambo","url":"https:\/\/grupopromambo.com\/nueva\/","logo":{"@type":"ImageObject","inLanguage":"es-AR","@id":"https:\/\/grupopromambo.com\/nueva\/#\/schema\/logo\/image\/","url":"https:\/\/grupopromambo.com\/nueva\/wp-content\/uploads\/grupopromambo-logo-01.jpg","contentUrl":"https:\/\/grupopromambo.com\/nueva\/wp-content\/uploads\/grupopromambo-logo-01.jpg","width":1920,"height":587,"caption":"Grupo Pro Mambo"},"image":{"@id":"https:\/\/grupopromambo.com\/nueva\/#\/schema\/logo\/image\/"},"sameAs":["https:\/\/www.facebook.com\/profile.php?id=100054359569712","https:\/\/www.instagram.com\/grupo.promambo\/"]}]}},"_links":{"self":[{"href":"https:\/\/grupopromambo.com\/nueva\/wp-json\/wp\/v2\/pages\/983","targetHints":{"allow":["GET"]}}],"collection":[{"href":"https:\/\/grupopromambo.com\/nueva\/wp-json\/wp\/v2\/pages"}],"about":[{"href":"https:\/\/grupopromambo.com\/nueva\/wp-json\/wp\/v2\/types\/page"}],"author":[{"embeddable":true,"href":"https:\/\/grupopromambo.com\/nueva\/wp-json\/wp\/v2\/users\/1"}],"replies":[{"embeddable":true,"href":"https:\/\/grupopromambo.com\/nueva\/wp-json\/wp\/v2\/comments?post=983"}],"version-history":[{"count":13,"href":"https:\/\/grupopromambo.com\/nueva\/wp-json\/wp\/v2\/pages\/983\/revisions"}],"predecessor-version":[{"id":1066,"href":"https:\/\/grupopromambo.com\/nueva\/wp-json\/wp\/v2\/pages\/983\/revisions\/1066"}],"wp:attachment":[{"href":"https:\/\/grupopromambo.com\/nueva\/wp-json\/wp\/v2\/media?parent=983"}],"curies":[{"name":"wp","href":"https:\/\/api.w.org\/{rel}","templated":true}]}}